{"id":1684,"date":"2022-06-16T08:40:09","date_gmt":"2022-06-16T01:40:09","guid":{"rendered":"https:\/\/thecoffeefarmer.com\/?page_id=1684"},"modified":"2022-06-16T08:56:59","modified_gmt":"2022-06-16T01:56:59","slug":"chinh-sach-doi-tra-hang","status":"publish","type":"page","link":"https:\/\/thecoffeefarmer.com\/zh\/chinh-sach-doi-tra-hang\/","title":{"rendered":"\u56de\u8fd4\u7684\u653f\u7b56"},"content":{"rendered":"<h2><strong>CH\u00cdNH S\u00c1CH \u0110\u1ed4I TR\u1ea2 H\u00c0NG H\u00d3A:<\/strong><\/h2>\n<p>V\u1edbi mong mu\u1ed1n mang l\u1ea1i s\u1ef1 y\u00ean t\u00e2m v\u00e0 h\u00e0i l\u00f2ng cho qu\u00fd kh\u00e1ch khi mua h\u00e0ng t\u1ea1i C\u00f4ng ty TNHH NOSAVI, ch\u00fang t\u00f4i h\u1ed7 tr\u1ee3 ch\u00ednh s\u00e1ch \u0111\u1ed5i tr\u1ea3 h\u00e0ng\u00a0nh\u01b0 sau:<\/p>\n<h3><strong>1. H\u00e0ng giao kh\u00f4ng \u0111\u00fang quy c\u00e1ch, sai n\u1ed9i dung \u0111\u1eb7t h\u00e0ng ho\u1eb7c b\u1ecb thi\u1ebfu s\u1ed1 l\u01b0\u1ee3ng so v\u1edbi thanh to\u00e1n:<\/strong><\/h3>\n<p>Ch\u00fang t\u00f4i khuy\u1ebfn kh\u00edch qu\u00fd kh\u00e1ch ki\u1ec3m tra \u0111\u01a1n h\u00e0ng tr\u01b0\u1edbc khi k\u00fd nh\u1eadn v\u00e0o phi\u1ebfu giao nh\u1eadn h\u00e0ng \u0111\u1ec3 \u0111\u1ea3m b\u1ea3o r\u1eb1ng h\u00e0ng h\u00f3a \u0111\u01b0\u1ee3c giao \u0111\u00fang quy c\u00e1ch, ch\u1ee7ng lo\u1ea1i, s\u1ed1 l\u01b0\u1ee3ng, m\u00e0u s\u1eafc theo \u0111\u01a1n \u0111\u1eb7t h\u00e0ng. N\u1ebfu g\u1eb7p tr\u01b0\u1eddng h\u1ee3p h\u00e0ng h\u00f3a giao kh\u00f4ng \u0111\u00fang quy c\u00e1ch, qu\u00fd kh\u00e1ch vui l\u00f2ng li\u00ean h\u1ec7 ngay v\u1edbi nh\u00e2n vi\u00ean ph\u1ee5 tr\u00e1ch \u0111\u01a1n h\u00e0ng ho\u1eb7c b\u00e1o ngay cho hotline 0901.382.247 \u0111\u1ec3 ch\u00fang t\u00f4i c\u00f3 ph\u01b0\u01a1ng \u00e1n x\u1eed l\u00ed k\u1ecbp th\u1eddi.<\/p>\n<p>Sau 3 ng\u00e0y l\u00e0m vi\u1ec7c k\u1ec3 t\u1eeb ng\u00e0y qu\u00fd kh\u00e1ch nh\u1eadn h\u00e0ng, ch\u00fang t\u00f4i c\u00f3 quy\u1ec1n t\u1eeb ch\u1ed1i h\u1ed7 tr\u1ee3 \u0111\u1ed5i h\u00e0ng cho nh\u1eefng khi\u1ebfu n\u1ea1i theo nh\u01b0 n\u1ed9i dung tr\u00ean.<\/p>\n<h3><strong>2. H\u00e0ng giao kh\u00f4ng \u0111\u00fang v\u1edbi ch\u1ea5t l\u01b0\u1ee3ng, h\u01b0\u01a1ng v\u1ecb c\u1ee7a lo\u1ea1i s\u1ea3n ph\u1ea9m theo profile \u0111\u00e3 th\u1ed1ng nh\u1ea5t tr\u01b0\u1edbc \u0111\u00f3:<\/strong><\/h3>\n<p>T\u1ea1i NOSAVI ch\u00fang t\u00f4i \u0111\u1ec1 cao t\u00ednh \u1ed5n \u0111\u1ecbnh, \u0111\u1ed3ng nh\u1ea5t v\u00e0 \u0111\u1ed9c \u0111\u00e1o c\u1ee7a t\u1eebng d\u00f2ng s\u1ea3n ph\u1ea9m m\u00e0 ch\u00fang t\u00f4i t\u00e2m huy\u1ebft tr\u00e2n qu\u00fd trao g\u1eedi \u0111\u1ebfn cho kh\u00e1ch h\u00e0ng. Sau khi g\u1eedi h\u00e0ng m\u1eabu, kh\u00e1ch h\u00e0ng \u0111\u1ed3ng \u00fd \u0111\u1eb7t h\u00e0ng theo s\u1ea3n ph\u1ea9m m\u1eabu, ch\u00fang t\u00f4i s\u1ebd ti\u1ebfn h\u00e0nh giao h\u00e0ng theo nh\u1eefng ti\u00eau chu\u1ea9n c\u1ee7a s\u1ea3n ph\u1ea9m m\u1eabu n\u00e0y. Trong b\u1ea5t c\u1ee9 tr\u01b0\u1eddng h\u1ee3p n\u00e0o kh\u00f4ng \u0111\u00fang cam k\u1ebft profile tr\u01b0\u1edbc \u0111\u00f3 ch\u00fang t\u00f4i s\u1ebd ti\u1ebfn h\u00e0nh th\u1ea3o lu\u1eadn v\u1edbi qu\u00fd kh\u00e1ch \u0111\u1ec3 x\u00e1c nh\u1eadn t\u00ecnh tr\u1ea1ng l\u00f4 h\u00e0ng ch\u1eadm nh\u1ea5t trong v\u00f2ng 24h \u00e1p d\u1ee5ng cho khu v\u1ef1c HCM v\u00e0 72h \u00e1p d\u1ee5ng cho c\u00e1c t\u1ec9nh th\u00e0nh kh\u00e1c trong c\u1ea3 n\u01b0\u1edbc.<\/p>\n<p>Qu\u00fd kh\u00e1ch c\u00f3 th\u1ec3 tham kh\u1ea3o ph\u1ea7n th\u00f4ng tin chi ti\u1ebft c\u1ee7a s\u1ea3n ph\u1ea9m ho\u1eb7c qu\u00fd kh\u00e1ch vui l\u00f2ng li\u00ean h\u1ec7 v\u1edbi B\u1ed9 ph\u1eadn Ch\u0103m S\u00f3c Kh\u00e1ch H\u00e0ng c\u1ee7a ch\u00fang t\u00f4i qua s\u1ed1 \u0111\u01b0\u1eddng d\u00e2y n\u00f3ng: <strong>0901.382.247<\/strong> ho\u1eb7c g\u1eedi qua th\u01b0 \u0111i\u1ec7n t\u1eed: <strong>thecoffeefarmers@gmail.com<\/strong> \u0111\u1ec3 \u0111\u01b0\u1ee3c h\u1ed7 tr\u1ee3 th\u00eam.<\/p>\n<p><strong>Tr\u00e2n tr\u1ecdng!<\/strong><\/p>","protected":false},"excerpt":{"rendered":"<p>CH\u00cdNH S\u00c1CH \u0110\u1ed4I TR\u1ea2 H\u00c0NG H\u00d3A: V\u1edbi mong mu\u1ed1n mang l\u1ea1i s\u1ef1 y\u00ean t\u00e2m v\u00e0 h\u00e0i l\u00f2ng cho qu\u00fd kh\u00e1ch khi mua h\u00e0ng t\u1ea1i C\u00f4ng ty TNHH NOSAVI, ch\u00fang t\u00f4i h\u1ed7 tr\u1ee3 ch\u00ednh s\u00e1ch \u0111\u1ed5i tr\u1ea3 h\u00e0ng\u00a0nh\u01b0 sau: 1. H\u00e0ng giao kh\u00f4ng \u0111\u00fang quy c\u00e1ch, sai n\u1ed9i dung \u0111\u1eb7t h\u00e0ng ho\u1eb7c b\u1ecb thi\u1ebfu s\u1ed1 l\u01b0\u1ee3ng [&#8230;]","protected":false},"author":4,"featured_media":0,"parent":0,"menu_order":0,"comment_status":"closed","ping_status":"closed","template":"","meta":[],"_links":{"self":[{"href":"https:\/\/thecoffeefarmer.com\/zh\/wp-json\/wp\/v2\/pages\/1684"}],"collection":[{"href":"https:\/\/thecoffeefarmer.com\/zh\/wp-json\/wp\/v2\/pages"}],"about":[{"href":"https:\/\/thecoffeefarmer.com\/zh\/wp-json\/wp\/v2\/types\/page"}],"author":[{"embeddable":true,"href":"https:\/\/thecoffeefarmer.com\/zh\/wp-json\/wp\/v2\/users\/4"}],"replies":[{"embeddable":true,"href":"https:\/\/thecoffeefarmer.com\/zh\/wp-json\/wp\/v2\/comments?post=1684"}],"version-history":[{"count":0,"href":"https:\/\/thecoffeefarmer.com\/zh\/wp-json\/wp\/v2\/pages\/1684\/revisions"}],"wp:attachment":[{"href":"https:\/\/thecoffeefarmer.com\/zh\/wp-json\/wp\/v2\/media?parent=1684"}],"curies":[{"name":"wp","href":"https:\/\/api.w.org\/{rel}","templated":true}]}}