{"id":1681,"date":"2022-06-16T08:36:32","date_gmt":"2022-06-16T01:36:32","guid":{"rendered":"https:\/\/thecoffeefarmer.com\/?page_id=1681"},"modified":"2022-06-16T09:01:39","modified_gmt":"2022-06-16T02:01:39","slug":"chinh-sach-giao-nhan-hang","status":"publish","type":"page","link":"https:\/\/thecoffeefarmer.com\/zh\/chinh-sach-giao-nhan-hang\/","title":{"rendered":"\u653f\u7b56\u7684\u4f20\u9012"},"content":{"rendered":"<h2>CH\u00cdNH S\u00c1CH GIAO NH\u1eacN H\u00c0NG<\/h2>\n<h3>1. Quy tr\u00ecnh giao nh\u1eadn h\u00e0ng:<\/h3>\n<p>C\u00f4ng ty TNHH NOSAVI h\u1ee3p t\u00e1c v\u1edbi nh\u1eefng \u0111\u01a1n v\u1ecb v\u1eadn chuy\u1ec3n \u0111\u00e1ng tin c\u1eady \u0111\u1ec3 giao h\u00e0ng tr\u1ef1c ti\u1ebfp \u0111\u1ebfn qu\u00fd kh\u00e1ch tr\u00ean ph\u1ea1m vi to\u00e0n qu\u1ed1c v\u00e0 xu\u1ea5t kh\u1ea9u.<br \/>\n\u0110\u01a1n h\u00e0ng c\u1ee7a qu\u00fd kh\u00e1ch h\u00e0ng s\u1ebd \u0111\u01b0\u1ee3c nh\u00e2n vi\u00ean C\u00f4ng ty TNHH NOSAVI th\u00f4ng b\u00e1o tr\u01b0\u1edbc ng\u00e0y giao h\u00e0ng (b\u1eb1ng \u0111i\u1ec7n tho\u1ea1i ho\u1eb7c email). Khi nh\u1eadn \u0111\u01b0\u1ee3c th\u00f4ng b\u00e1o n\u00e0y, qu\u00fd kh\u00e1ch vui l\u00f2ng b\u1ed1 tr\u00ed ng\u01b0\u1eddi nh\u1eadn h\u00e0ng t\u1ea1i \u0111\u1ecba \u0111i\u1ec3m giao h\u00e0ng.<\/p>\n<h3>2. Chi ph\u00ed v\u1eadn chuy\u1ec3n:<\/h3>\n<p>C\u00f4ng ty TNHH NOSAVI lu\u00f4n h\u01b0\u1edbng \u0111\u1ebfn vi\u1ec7c cung c\u1ea5p s\u1ea3n ph\u1ea9m ch\u1ea5t l\u01b0\u1ee3ng t\u1ed1t nh\u1ea5t v\u1edbi m\u1ee9c gi\u00e1 c\u1ea1nh tranh cho t\u1ea5t c\u1ea3 c\u00e1c \u0111\u01a1n h\u00e0ng m\u00e0 qu\u00fd kh\u00e1ch \u0111\u1eb7t v\u1edbi ch\u00fang t\u00f4i. C\u00f4ng ty TNHH NOSAVI s\u1ebd trao \u0111\u1ed5i c\u1ee5 th\u1ec3 chi ti\u1ebft v\u1edbi kh\u00e1ch h\u00e0ng v\u1ec1 c\u00e1c m\u1ee9c ph\u00ed v\u1eadn chuy\u1ec3n c\u1ee7a m\u1ed7i \u0111\u01a1n h\u00e0ng tr\u01b0\u1edbc khi giao h\u00e0ng.<\/p>\n<h3>3. Th\u1eddi gian giao nh\u1eadn h\u00e0ng:<\/h3>\n<p>C\u00f4ng ty TNHH NOSAVI s\u1ebd v\u1eadn chuy\u1ec3n h\u00e0ng trong th\u1eddi gian th\u1ecfa thu\u1eadn khi qu\u00fd kh\u00e1ch th\u1ef1c hi\u1ec7n \u0111\u1ea7y \u0111\u1ee7 c\u00e1c th\u1ee7 t\u1ee5c \u0111\u1eb7t h\u00e0ng. Th\u1eddi gian v\u1eadn chuy\u1ec3n h\u00e0ng theo th\u1ecfa thu\u1eadn \u0111\u1eb7t h\u00e0ng v\u00e0 giao h\u00e0ng (kh\u00f4ng t\u00ednh th\u1ee9 b\u1ea3y, ch\u1ee7 nh\u1eadt hay c\u00e1c ng\u00e0y l\u1ec5 T\u1ebft). Th\u1eddi gian giao h\u00e0ng s\u1ebd \u0111\u01b0\u1ee3c t\u00ednh k\u1ec3 t\u1eeb khi \u0111\u01a1n h\u00e0ng \u0111\u01b0\u1ee3c x\u00e1c nh\u1eadn thanh to\u00e1n. Xin l\u01b0u \u00fd r\u1eb1ng C\u00f4ng ty TNHH NOSAVI b\u1ea3o l\u01b0u quy\u1ec1n thay \u0111\u1ed5i th\u1eddi gian giao h\u00e0ng trong m\u1ed9t s\u1ed1 tr\u01b0\u1eddng h\u1ee3p b\u1ea5t kh\u1ea3 kh\u00e1ng nh\u01b0 th\u1eddi ti\u1ebft x\u1ea5u, \u0111i\u1ec1u ki\u1ec7n giao th\u00f4ng kh\u00f4ng thu\u1eadn l\u1ee3i, ph\u01b0\u01a1ng ti\u1ec7n v\u1eadn chuy\u1ec3n h\u1ecfng h\u00f3c tr\u00ean \u0111\u01b0\u1eddng giao h\u00e0ng, tr\u1ee5c tr\u1eb7c trong qu\u00e1 tr\u00ecnh xu\u1ea5t h\u00e0ng. Ch\u00fang t\u00f4i s\u1ebd ch\u1ee7 \u0111\u1ed9ng li\u00ean h\u1ec7 v\u1edbi kh\u00e1ch h\u00e0ng \u0111\u1ec3 th\u00f4ng b\u00e1o trong nh\u1eefng tr\u01b0\u1eddng h\u1ee3p tr\u00ean.<\/p>\n<p>Qu\u00fd kh\u00e1ch c\u00f3 th\u1ec3 tham kh\u1ea3o ph\u1ea7n th\u00f4ng tin chi ti\u1ebft c\u1ee7a s\u1ea3n ph\u1ea9m ho\u1eb7c qu\u00fd kh\u00e1ch vui l\u00f2ng li\u00ean h\u1ec7 v\u1edbi B\u1ed9 ph\u1eadn Ch\u0103m S\u00f3c Kh\u00e1ch H\u00e0ng c\u1ee7a ch\u00fang t\u00f4i qua s\u1ed1 \u0111\u01b0\u1eddng d\u00e2y n\u00f3ng: <strong>0901.382.247<\/strong> ho\u1eb7c g\u1eedi qua th\u01b0 \u0111i\u1ec7n t\u1eed: <strong>thecoffeefarmers@gmail.com<\/strong> \u0111\u1ec3 \u0111\u01b0\u1ee3c h\u1ed7 tr\u1ee3 th\u00eam.<\/p>\n<p><strong>Tr\u00e2n tr\u1ecdng!<\/strong><\/p>","protected":false},"excerpt":{"rendered":"<p>CH\u00cdNH S\u00c1CH GIAO NH\u1eacN H\u00c0NG 1. Quy tr\u00ecnh giao nh\u1eadn h\u00e0ng: C\u00f4ng ty TNHH NOSAVI h\u1ee3p t\u00e1c v\u1edbi nh\u1eefng \u0111\u01a1n v\u1ecb v\u1eadn chuy\u1ec3n \u0111\u00e1ng tin c\u1eady \u0111\u1ec3 giao h\u00e0ng tr\u1ef1c ti\u1ebfp \u0111\u1ebfn qu\u00fd kh\u00e1ch tr\u00ean ph\u1ea1m vi to\u00e0n qu\u1ed1c v\u00e0 xu\u1ea5t kh\u1ea9u. \u0110\u01a1n h\u00e0ng c\u1ee7a qu\u00fd kh\u00e1ch h\u00e0ng s\u1ebd \u0111\u01b0\u1ee3c nh\u00e2n vi\u00ean C\u00f4ng ty TNHH [&#8230;]","protected":false},"author":4,"featured_media":0,"parent":0,"menu_order":0,"comment_status":"closed","ping_status":"closed","template":"","meta":[],"_links":{"self":[{"href":"https:\/\/thecoffeefarmer.com\/zh\/wp-json\/wp\/v2\/pages\/1681"}],"collection":[{"href":"https:\/\/thecoffeefarmer.com\/zh\/wp-json\/wp\/v2\/pages"}],"about":[{"href":"https:\/\/thecoffeefarmer.com\/zh\/wp-json\/wp\/v2\/types\/page"}],"author":[{"embeddable":true,"href":"https:\/\/thecoffeefarmer.com\/zh\/wp-json\/wp\/v2\/users\/4"}],"replies":[{"embeddable":true,"href":"https:\/\/thecoffeefarmer.com\/zh\/wp-json\/wp\/v2\/comments?post=1681"}],"version-history":[{"count":0,"href":"https:\/\/thecoffeefarmer.com\/zh\/wp-json\/wp\/v2\/pages\/1681\/revisions"}],"wp:attachment":[{"href":"https:\/\/thecoffeefarmer.com\/zh\/wp-json\/wp\/v2\/media?parent=1681"}],"curies":[{"name":"wp","href":"https:\/\/api.w.org\/{rel}","templated":true}]}}