{"id":1679,"date":"2022-06-16T08:34:31","date_gmt":"2022-06-16T01:34:31","guid":{"rendered":"https:\/\/thecoffeefarmer.com\/?page_id=1679"},"modified":"2022-06-16T08:34:31","modified_gmt":"2022-06-16T01:34:31","slug":"chinh-sach-bao-mat-thong-tin","status":"publish","type":"page","link":"https:\/\/thecoffeefarmer.com\/zh\/chinh-sach-bao-mat-thong-tin\/","title":{"rendered":"\u9690\u79c1\u6743\u653f\u7b56\u7684\u4fe1\u606f"},"content":{"rendered":"<h2>CH\u00cdNH S\u00c1CH B\u1ea2O M\u1eacT TH\u00d4NG TIN<\/h2>\n<p>V\u1edbi mong mu\u1ed1n mang l\u1ea1i s\u1ef1 y\u00ean t\u00e2m v\u00e0 tr\u1ea3i nghi\u1ec7m h\u00e0i l\u00f2ng cho qu\u00fd kh\u00e1ch khi mua h\u00e0ng v\u00e0 giao d\u1ecbch t\u1ea1i C\u00f4ng ty TNHH NOSAVI. Ch\u00fang t\u00f4i xin th\u00f4ng b\u00e1o ch\u00ednh s\u00e1ch b\u1ea3o m\u1eadt th\u00f4ng tin kh\u00e1ch h\u00e0ng t\u1ea1i c\u00f4ng ty nh\u01b0 sau:<\/p>\n<h3>1. M\u1ee5c \u0111\u00edch thu th\u1eadp th\u00f4ng tin<\/h3>\n<p>\u2013 C\u00f4ng ty TNHH NOSAVI thu th\u1eadp, l\u01b0u tr\u1eef v\u00e0 x\u1eed l\u00fd th\u00f4ng tin c\u1ee7a b\u1ea1n cho qu\u00e1 tr\u00ecnh mua h\u00e0ng v\u00e0 cho nh\u1eefng th\u00f4ng b\u00e1o sau n\u00e0y li\u00ean quan \u0111\u1ebfn \u0111\u01a1n h\u00e0ng, bao g\u1ed3m m\u1ed9t s\u1ed1 th\u00f4ng tin c\u00e1 nh\u00e2n sau: h\u1ecd t\u00ean, gi\u1edbi t\u00ednh, email, \u0111\u1ecba ch\u1ec9 giao h\u00e0ng, s\u1ed1 \u0111i\u1ec7n tho\u1ea1i, th\u00f4ng tin thanh to\u00e1n,,,<\/p>\n<p>\u2013 C\u00f4ng ty TNHH NOSAVI s\u1ebd d\u00f9ng th\u00f4ng tin qu\u00fd kh\u00e1ch \u0111\u00e3 cung c\u1ea5p \u0111\u1ec3 x\u1eed l\u00fd \u0111\u01a1n \u0111\u1eb7t h\u00e0ng, h\u1ed7 tr\u1ee3 \u0111\u1ed5i tr\u1ea3\/b\u1ea3o h\u00e0nh s\u1ea3n ph\u1ea9m.<\/p>\n<h3>2. Ph\u1ea1m vi s\u1eed d\u1ee5ng th\u00f4ng tin<\/h3>\n<p>\u2013 Th\u00f4ng tin kh\u00e1ch h\u00e0ng, c\u0169ng nh\u01b0 c\u00e1c trao \u0111\u1ed5i gi\u1eefa kh\u00e1ch h\u00e0ng v\u00e0 C\u00f4ng ty TNHH NOSAVI, \u0111\u1ec1u \u0111\u01b0\u1ee3c l\u01b0u tr\u1eef v\u00e0 b\u1ea3o m\u1eadt b\u1edfi h\u1ec7 th\u1ed1ng c\u1ee7a C\u00f4ng ty TNHH NOSAVI.<\/p>\n<p>\u2013 C\u00f4ng ty TNHH NOSAVI s\u01b0\u0309 du\u0323ng th\u00f4ng tin kha\u0301ch ha\u0300ng cung c\u00e2\u0301p \u0111\u00ea\u0309:<\/p>\n<p>+ G\u01b0\u0309i th\u00f4ng ba\u0301o v\u00ea\u0300 ca\u0301c ti\u0300nh tra\u0323ng ca\u0301c \u0111\u01a1n ha\u0300ng;<\/p>\n<p>+ Li\u00ean la\u0323c va\u0300 gia\u0309i quy\u00ea\u0301t v\u01a1\u0301i kha\u0301ch ha\u0300ng trong nh\u01b0\u0303ng tr\u01b0\u01a1\u0300ng h\u01a1\u0323p \u0111\u0103\u0323c bi\u00ea\u0323t.<\/p>\n<h3>3. Th\u1eddi gian l\u01b0u tr\u1eef th\u00f4ng tin<\/h3>\n<p>\u2013 Th\u00f4ng tin s\u1ebd \u0111\u01b0\u1ee3c l\u01b0u tr\u1eef t\u1eeb khi kh\u00e1ch h\u00e0ng cung c\u1ea5p tr\u00ean h\u1ec7 th\u1ed1ng c\u1ee7a C\u00f4ng ty TNHH NOSAVI v\u00e0 kh\u00f4ng b\u1ecb m\u1ea5t \u0111i (l\u01b0u tr\u1eef v\u0129nh vi\u1ec5n).<\/p>\n<p>\u2013 C\u00f4ng ty TNHH NOSAVI c\u00f3 c\u00e1c bi\u1ec7n ph\u00e1p th\u00edch h\u1ee3p v\u1ec1 k\u1ef9 thu\u1eadt v\u00e0 an ninh \u0111\u1ec3 ng\u0103n ch\u1eb7n vi\u1ec7c truy c\u1eadp, s\u1eed d\u1ee5ng tr\u00e1i ph\u00e9p th\u00f4ng tin kh\u00e1ch h\u00e0ng.<\/p>\n<h3>4. Nh\u1eefng ng\u01b0\u1eddi ho\u1eb7c t\u1ed5 ch\u1ee9c c\u00f3 th\u1ec3 \u0111\u01b0\u1ee3c ti\u1ebfp c\u1eadn v\u1edbi th\u00f4ng tin kh\u00e1ch h\u00e0ng<\/h3>\n<p>\u2013 Nh\u1eefng b\u1ed9 ph\u1eadn n\u1ed9i b\u1ed9 c\u1ee7a C\u00f4ng ty TNHH NOSAVI \u0111\u01b0\u1ee3c s\u1eed d\u1ee5ng th\u00f4ng tin l\u01b0u tr\u1eef c\u1ee7a kh\u00e1ch h\u00e0ng bao g\u1ed3m: B\u1ed9 ph\u1eadn Marketing, B\u1ed9 Ph\u1eadn Ch\u0103m S\u00f3c Kh\u00e1ch H\u00e0ng, B\u1ed9 Ph\u1eadn Nh\u00e2n vi\u00ean b\u00e1n h\u00e0ng.<\/p>\n<p>\u2013 C\u00f4ng ty TNHH NOSAVI c\u00f3 th\u1ec3 chuy\u1ec3n t\u00ean v\u00e0 \u0111\u1ecba ch\u1ec9 c\u1ee7a kh\u00e1ch h\u00e0ng cho \u0111\u01a1n v\u1ecb v\u00e2\u0323n chuy\u1ec3n \u0111\u1ec3 h\u1ecd giao h\u00e0ng cho b\u1ea1n.<\/p>\n<p>\u2013 M\u1ecdi th\u00f4ng tin giao d\u1ecbch s\u1ebd \u0111\u01b0\u1ee3c b\u1ea3o m\u1eadt nh\u01b0ng trong tr\u01b0\u1eddng h\u1ee3p c\u01a1 quan ph\u00e1p lu\u1eadt y\u00eau c\u1ea7u, ch\u00fang t\u00f4i s\u1ebd bu\u1ed9c ph\u1ea3i cung c\u1ea5p nh\u1eefng th\u00f4ng tin n\u00e0y cho c\u00e1c c\u01a1 quan ph\u00e1p lu\u1eadt.<\/p>\n<h3>5. Th\u00f4ng tin li\u00ean h\u1ec7 c\u1ee7a \u0111\u01a1n v\u1ecb thu th\u1eadp v\u00e0 qu\u1ea3n l\u00fd th\u00f4ng tin<\/h3>\n<p>\u2013 N\u1ebfu kh\u00e1ch h\u00e0ng c\u00f3 th\u1eafc m\u1eafc v\u1ec1 ho\u1ea1t \u0111\u1ed9ng thu th\u1eadp, x\u1eed l\u00fd th\u00f4ng tin li\u00ean quan \u0111\u1ebfn c\u00e1 nh\u00e2n m\u00ecnh th\u00ec c\u00f3 2 c\u00e1ch li\u00ean h\u1ec7: G\u1eb7p tr\u1ef1c ti\u1ebfp nh\u00e2n vi\u00ean b\u00e1n h\u00e0ng t\u1ea1i \u0111\u1ecba ch\u1ec9 v\u0103n ph\u00f2ng c\u00f4ng ty ho\u1eb7c g\u1ecdi \u0111i\u1ec7n tho\u1ea1i \u0111\u1ebfn hotline CSKH c\u1ee7a c\u00f4ng ty: 0901 382 247<\/p>\n<p>\u2013 \u0110ia ch\u1ec9 v\u0103n ph\u00f2ng c\u00f4ng ty:<\/p>\n<p><strong>TR\u1ee4 S\u1ede: C\u00d4NG TY TNHH NOSAVI<\/strong><br \/>\n\u0110\u1ecba ch\u1ec9: S\u1ed1 86\/8, \u0110\u01b0\u1eddng B\u2019Lao Xire, X\u00e3 \u0110\u1ea1i L\u00e0o, Tp. B\u1ea3o L\u1ed9c, T\u1ec9nh L\u00e2m \u0110\u1ed3ng<br \/>\nMST: 5 8 0 1 3 8 2 2 4 7<\/p>\n<p><strong>X\u01af\u1edeNG S\u1ea2N XU\u1ea4T: CHI NH\u00c1NH C\u00d4NG TY TNHH NOSAVI<\/strong><br \/>\n\u00d0\u1ecba ch\u1ec9: S\u1ed1 39\/11M, \u1ea4p Trung Ch\u00e1nh 2, X. Trung ch\u00e1nh, H. H\u00f3c M\u00f4n, Tp. HCM<br \/>\nMST: 5 8 0 1 3 8 2 2 4 7 &#8211; 0 0 1<\/p>\n<h3>6. Ph\u01b0\u01a1ng th\u1ee9c ti\u1ebfp c\u1eadn, ch\u1ec9nh s\u1eefa d\u1eef li\u1ec7u c\u00e1 nh\u00e2n<\/h3>\n<p>\u2013 N\u1ebfu qu\u00fd kh\u00e1ch c\u00f3 nhu c\u1ea7u ch\u1ec9nh s\u1eeda th\u00f4ng tin c\u00e1 nh\u00e2n, qu\u00fd kh\u00e1ch c\u00f3 th\u1ec3 \u0111\u0103ng nh\u1eadp t\u00e0i kho\u1ea3n tr\u00ean website v\u00e0 ch\u1ec9nh s\u01b0\u0309a th\u00f4ng tin tr\u1ef1c ti\u1ebfp ho\u1eb7c g\u1ecdi \u0111i\u1ec7n tho\u1ea1i \u0111\u1ebfn hotline ch\u0103m s\u00f3c kh\u00e1ch h\u00e0ng c\u1ee7a c\u00f4ng ty: 0901 382 247 \u0111\u1ec3 \u0111\u01b0\u1ee3c h\u1ed7 tr\u1ee3 ch\u1ec9nh s\u1eeda.<\/p>\n<p>\u2013 N\u00ea\u0301u quy\u0301 kha\u0301ch co\u0301 b\u00e2\u0301t ky\u0300 khi\u1ebfu n\u1ea1i li\u00ean quan \u0111\u1ebfn vi\u1ec7c th\u00f4ng tin c\u00e1 nh\u00e2n b\u1ecb s\u1eed d\u1ee5ng sai m\u1ee5c \u0111\u00edch ho\u1eb7c ph\u1ea1m vi \u0111\u00e3 th\u00f4ng b\u00e1o, quy\u0301 kha\u0301ch vui lo\u0300ng li\u00ean h\u00ea\u0323 tr\u01b0\u0323c ti\u00ea\u0301p v\u01a1\u0301i hotline c\u00f4ng ty, c\u00f4ng ty se\u0303 ti\u00ea\u0301p nh\u00e2\u0323n va\u0300 gia\u0309i quy\u00ea\u0301t tr\u01b0\u0323c ti\u00ea\u0301p v\u01a1\u0301i quy\u0301 kha\u0301ch.<\/p>\n<p>Tr\u00e2n tr\u1ecdng!<\/p>","protected":false},"excerpt":{"rendered":"<p>CH\u00cdNH S\u00c1CH B\u1ea2O M\u1eacT TH\u00d4NG TIN V\u1edbi mong mu\u1ed1n mang l\u1ea1i s\u1ef1 y\u00ean t\u00e2m v\u00e0 tr\u1ea3i nghi\u1ec7m h\u00e0i l\u00f2ng cho qu\u00fd kh\u00e1ch khi mua h\u00e0ng v\u00e0 giao d\u1ecbch t\u1ea1i C\u00f4ng ty TNHH NOSAVI. Ch\u00fang t\u00f4i xin th\u00f4ng b\u00e1o ch\u00ednh s\u00e1ch b\u1ea3o m\u1eadt th\u00f4ng tin kh\u00e1ch h\u00e0ng t\u1ea1i c\u00f4ng ty nh\u01b0 sau: 1. M\u1ee5c \u0111\u00edch thu [&#8230;]","protected":false},"author":4,"featured_media":0,"parent":0,"menu_order":0,"comment_status":"closed","ping_status":"closed","template":"","meta":[],"_links":{"self":[{"href":"https:\/\/thecoffeefarmer.com\/zh\/wp-json\/wp\/v2\/pages\/1679"}],"collection":[{"href":"https:\/\/thecoffeefarmer.com\/zh\/wp-json\/wp\/v2\/pages"}],"about":[{"href":"https:\/\/thecoffeefarmer.com\/zh\/wp-json\/wp\/v2\/types\/page"}],"author":[{"embeddable":true,"href":"https:\/\/thecoffeefarmer.com\/zh\/wp-json\/wp\/v2\/users\/4"}],"replies":[{"embeddable":true,"href":"https:\/\/thecoffeefarmer.com\/zh\/wp-json\/wp\/v2\/comments?post=1679"}],"version-history":[{"count":0,"href":"https:\/\/thecoffeefarmer.com\/zh\/wp-json\/wp\/v2\/pages\/1679\/revisions"}],"wp:attachment":[{"href":"https:\/\/thecoffeefarmer.com\/zh\/wp-json\/wp\/v2\/media?parent=1679"}],"curies":[{"name":"wp","href":"https:\/\/api.w.org\/{rel}","templated":true}]}}