{"id":1312,"date":"2021-08-18T20:31:11","date_gmt":"2021-08-18T13:31:11","guid":{"rendered":"https:\/\/thecoffeefarmer.com\/?page_id=1312"},"modified":"2021-12-26T23:49:31","modified_gmt":"2021-12-26T16:49:31","slug":"quy-trinh-che-bien-ca-phe","status":"publish","type":"page","link":"https:\/\/thecoffeefarmer.com\/zh\/quy-trinh-che-bien-ca-phe\/","title":{"rendered":"\u5904\u7406\u5496\u5561"},"content":{"rendered":"<section class=\"section\" id=\"section_45020599\">\n\t\t<div class=\"bg section-bg fill bg-fill  bg-loaded\" >\n\n\t\t\t\n\t\t\t<div class=\"section-bg-overlay absolute fill\"><\/div>\n\t\t\t\n\n\t\t<\/div>\n\n\t\t<div class=\"section-content relative\">\n\t\t\t\n<div class=\"row row-collapse row-full-width align-middle\"  id=\"row-702451621\">\n\n\t<div id=\"col-1013020851\" class=\"col medium-6 small-12 large-6\"  >\n\t\t\t\t<div class=\"col-inner\"  >\n\t\t\t\n\t\t\t\n\t<div class=\"img has-hover x md-x lg-x y md-y lg-y\" id=\"image_2123048277\">\n\t\t\t\t\t\t\t\t<div class=\"img-inner dark\" >\n\t\t\t<img width=\"600\" height=\"338\" src=\"https:\/\/thecoffeefarmer.com\/wp-content\/uploads\/2021\/08\/THE-COFFEE-FARMER-QUY-TRINH-CHE-BIEN.jpg\" class=\"attachment-large size-large\" alt=\"\u5904\u7406\u5496\u5561\" decoding=\"async\" loading=\"lazy\" srcset=\"https:\/\/thecoffeefarmer.com\/wp-content\/uploads\/2021\/08\/THE-COFFEE-FARMER-QUY-TRINH-CHE-BIEN.jpg 600w, https:\/\/thecoffeefarmer.com\/wp-content\/uploads\/2021\/08\/THE-COFFEE-FARMER-QUY-TRINH-CHE-BIEN-510x287.jpg 510w\" sizes=\"(max-width: 600px) 100vw, 600px\" \/>\t\t\t\t\t\t\n\t\t\t\t\t<\/div>\n\t\t\t\t\t\t\t\t\n<style>\n#image_2123048277 {\n  width: 100%;\n}\n<\/style>\n\t<\/div>\n\t\n\t\t<\/div>\n\t\t\t\t\t<\/div>\n\n\t\n\n\t<div id=\"col-2012121561\" class=\"col medium-6 small-12 large-6\"  >\n\t\t\t\t<div class=\"col-inner text-center\" style=\"max-width:520px;\" >\n\t\t\t\n\t\t\t\n<h2>\u5904\u7406\u9ad8\u8d28\u91cf\u7684\u5496\u5561<\/h2>\n<p>\u6982\u8ff0\u7684\u5904\u7406\u9ad8\u8d28\u91cf\u7684\u5496\u5561\u5e94\u7528\u540c\u6b65\u4e0a\u6240\u6709\u4ea7\u54c1\u7684\u9644\u5c5e\u6210\u5458\u5728\u8054\u76df\u7684\u5496\u5561\u7684\u519c\u6c11\u3002<br \/>\n\t<div id=\"gap-970670688\" class=\"gap-element clearfix\" style=\"display:block; height:auto;\">\n\t\t\n<style>\n#gap-970670688 {\n  padding-top: 10px;\n}\n<\/style>\n\t<\/div>\n\t\n<a href=\"https:\/\/thecoffeefarmer.com\/zh\/ca-phe-nhan-xanh\/\" target=\"_self\" class=\"button primary\"  >\n    <span>\u63a2\u7d22\u4ea7\u54c1\u7ebf<\/span>\n  <\/a>\n\n\t\t<\/div>\n\t\t\t\t\n<style>\n#col-2012121561 > .col-inner {\n  padding: 10% 10% 10% 10%;\n}\n<\/style>\n\t<\/div>\n\n\t\n<\/div>\n\t\t<\/div>\n\n\t\t\n<style>\n#section_45020599 {\n  padding-top: 0px;\n  padding-bottom: 0px;\n  background-color: rgb(247, 247, 247);\n}\n#section_45020599 .section-bg-overlay {\n  background-color: rgba(255, 255, 255, 0.85);\n}\n<\/style>\n\t<\/section>\n\t\n\t<section class=\"section\" id=\"section_1623996413\">\n\t\t<div class=\"bg section-bg fill bg-fill  bg-loaded\" >\n\n\t\t\t\n\t\t\t\n\t\t\t\n\n\t\t<\/div>\n\n\t\t<div class=\"section-content relative\">\n\t\t\t\n<div class=\"row\"  id=\"row-1822850628\">\n\n\t<div id=\"col-85637349\" class=\"col medium-4 small-12 large-4\"  >\n\t\t\t\t<div class=\"col-inner\"  >\n\t\t\t\n\t\t\t\n\t<div class=\"box has-hover   has-hover box-text-bottom\" >\n\n\t\t<div class=\"box-image\" >\n\t\t\t\t\t\t<div class=\"\" >\n\t\t\t\t<img width=\"600\" height=\"345\" src=\"https:\/\/thecoffeefarmer.com\/wp-content\/uploads\/2021\/08\/nong-trai-ca-phe-dac-san.jpg\" class=\"attachment- size-\" alt=\"\u539f\u5496\u5561\u5496\u5561\u519c\u6c11\" decoding=\"async\" loading=\"lazy\" srcset=\"https:\/\/thecoffeefarmer.com\/wp-content\/uploads\/2021\/08\/nong-trai-ca-phe-dac-san.jpg 600w, https:\/\/thecoffeefarmer.com\/wp-content\/uploads\/2021\/08\/nong-trai-ca-phe-dac-san-510x293.jpg 510w\" sizes=\"(max-width: 600px) 100vw, 600px\" \/>\t\t\t\t\t\t\t\t\t\t\t<\/div>\n\t\t\t\t\t<\/div>\n\n\t\t<div class=\"box-text text-center\" >\n\t\t\t<div class=\"box-text-inner\">\n\t\t\t\t\n\t<div id=\"text-1052380883\" class=\"text\">\n\t\t\n<h3 class=\"uppercase\"><span style=\"font-size: 110%;\"><strong>\u6536\u83b7<\/strong><\/span><\/h3>\n<p>\u5496\u5561\u6536\u83b7\u7684\u624b\u52a8\uff0c\u9009\u62e9\u5df2\u7ecf\u6210\u719f\u7684\u6c34\u679c\u76f4\u63a5\u4ece\u519c\u573a\u7684\u6210\u5458\u8054\u76df<br \/>\n\t\t\n<style>\n#text-1052380883 {\n  text-align: center;\n}\n<\/style>\n\t<\/div>\n\t\n\t\t\t<\/div>\n\t\t<\/div>\n\t<\/div>\n\t\n\t\t<\/div>\n\t\t\t\t\t<\/div>\n\n\t\n\n\t<div id=\"col-1792138657\" class=\"col medium-4 small-12 large-4\"  >\n\t\t\t\t<div class=\"col-inner\"  >\n\t\t\t\n\t\t\t\n\t<div class=\"box has-hover   has-hover box-text-bottom\" >\n\n\t\t<div class=\"box-image\" >\n\t\t\t\t\t\t<div class=\"\" >\n\t\t\t\t<img width=\"600\" height=\"338\" src=\"https:\/\/thecoffeefarmer.com\/wp-content\/uploads\/2021\/07\/THE-COFFEE-FARMER-Products.jpg\" class=\"attachment- size-\" alt=\"\" decoding=\"async\" loading=\"lazy\" srcset=\"https:\/\/thecoffeefarmer.com\/wp-content\/uploads\/2021\/07\/THE-COFFEE-FARMER-Products.jpg 600w, https:\/\/thecoffeefarmer.com\/wp-content\/uploads\/2021\/07\/THE-COFFEE-FARMER-Products-510x287.jpg 510w\" sizes=\"(max-width: 600px) 100vw, 600px\" \/>\t\t\t\t\t\t\t\t\t\t\t<\/div>\n\t\t\t\t\t<\/div>\n\n\t\t<div class=\"box-text text-center\" >\n\t\t\t<div class=\"box-text-inner\">\n\t\t\t\t\n\t<div id=\"text-4151526686\" class=\"text\">\n\t\t\n<h3 class=\"uppercase\"><span style=\"font-size: 110%;\"><strong>\u5904\u7406<\/strong><\/span><\/h3>\n<p>\u5e94\u75283\u79cd\u65b9\u6cd5\u7684\u73b0\u4ee3\u5316\u5904\u7406\u4e0a\u7684\u519c\u573a\uff0c\u5305\u62ec\u5904\u7406\uff0c\u81ea\u7136\u8702\u871c\u548c\u6e7f\u5904\u7406<br \/>\n\t\t\n<style>\n#text-4151526686 {\n  text-align: center;\n}\n<\/style>\n\t<\/div>\n\t\n\t\t\t<\/div>\n\t\t<\/div>\n\t<\/div>\n\t\n\t\t<\/div>\n\t\t\t\t\t<\/div>\n\n\t\n\n\t<div id=\"col-970223729\" class=\"col medium-4 small-12 large-4\"  >\n\t\t\t\t<div class=\"col-inner\"  >\n\t\t\t\n\t\t\t\n\t<div class=\"box has-hover   has-hover box-text-bottom\" >\n\n\t\t<div class=\"box-image\" >\n\t\t\t\t\t\t<div class=\"\" >\n\t\t\t\t<img width=\"600\" height=\"345\" src=\"https:\/\/thecoffeefarmer.com\/wp-content\/uploads\/2021\/08\/BAO-QUAN-CA-PHE-SAU-THU-HOACH-2.jpg\" class=\"attachment- size-\" alt=\"\" decoding=\"async\" loading=\"lazy\" srcset=\"https:\/\/thecoffeefarmer.com\/wp-content\/uploads\/2021\/08\/BAO-QUAN-CA-PHE-SAU-THU-HOACH-2.jpg 600w, https:\/\/thecoffeefarmer.com\/wp-content\/uploads\/2021\/08\/BAO-QUAN-CA-PHE-SAU-THU-HOACH-2-510x293.jpg 510w\" sizes=\"(max-width: 600px) 100vw, 600px\" \/>\t\t\t\t\t\t\t\t\t\t\t<\/div>\n\t\t\t\t\t<\/div>\n\n\t\t<div class=\"box-text text-center\" >\n\t\t\t<div class=\"box-text-inner\">\n\t\t\t\t\n<h3 class=\"uppercase\"><span style=\"font-size: 110%;\"><strong>\u4fdd\u5b58<\/strong><\/span><\/h3>\n<p>\u5496\u5561\u8c37\u4ed3\u590d\u76d6\u7740\u5851\u6599\u888b2\u5c42\u5728\u4e00\u4e2a\u5f88\u9177\u7684\u73af\u5883\u6807\u51c6\u4e4b\u524d\u79fb\u52a8\u5230\u70d8\u70e4<\/p>\n\t\t\t<\/div>\n\t\t<\/div>\n\t<\/div>\n\t\n\t\t<\/div>\n\t\t\t\t\t<\/div>\n\n\t\n<\/div>\n<div class=\"video video-fit mb\" style=\"padding-top:56.25%;\"><p><iframe loading=\"lazy\" title=\"\u751f\u4ea7\u8fc7\u7a0b\u4e2d\u7684\u5496\u5561\uff0c\u5496\u5561\u7684\u519c\u6c11|\u9009\u62e9\u76f4\u63a5\u4ece\u519c\u573a\" width=\"1020\" height=\"574\" src=\"https:\/\/www.youtube.com\/embed\/pKuT0RBYAMk?feature=oembed\" frameborder=\"0\" allow=\"accelerometer; autoplay; clipboard-write; encrypted-media; gyroscope; picture-in-picture\" allowfullscreen><\/iframe><\/p>\n<\/div>\n\t\t<\/div>\n\n\t\t\n<style>\n#section_1623996413 {\n  padding-top: 30px;\n  padding-bottom: 30px;\n}\n<\/style>\n\t<\/section>\n\t\n\t<section class=\"section\" id=\"section_708832528\">\n\t\t<div class=\"bg section-bg fill bg-fill  bg-loaded\" >\n\n\t\t\t\n\t\t\t\n\t\t\t\n\n\t\t<\/div>\n\n\t\t<div class=\"section-content relative\">\n\t\t\t\n\t<div id=\"gap-1051692031\" class=\"gap-element clearfix\" style=\"display:block; height:auto;\">\n\t\t\n<style>\n#gap-1051692031 {\n  padding-top: 10px;\n}\n<\/style>\n\t<\/div>\n\t\n\n\t<section class=\"section\" id=\"section_836020477\">\n\t\t<div class=\"bg section-bg fill bg-fill  bg-loaded\" >\n\n\t\t\t\n\t\t\t\n\t\t\t\n\n\t\t<\/div>\n\n\t\t<div class=\"section-content relative\">\n\t\t\t\n\n<h1 style=\"text-align: center;\"><span style=\"font-size: 120%;\">\u4f1a\u5458\u8054\u76df<\/span><\/h1>\n<div class=\"text-center\"><div class=\"is-divider divider clearfix\" style=\"max-width:213px;background-color:rgb(238, 149, 32);\"><\/div><\/div>\n\n\n\t\t<\/div>\n\n\t\t\n<style>\n#section_836020477 {\n  padding-top: 16px;\n  padding-bottom: 16px;\n}\n<\/style>\n\t<\/section>\n\t\n\t<div id=\"gap-2119747387\" class=\"gap-element clearfix\" style=\"display:block; height:auto;\">\n\t\t\n<style>\n#gap-2119747387 {\n  padding-top: 10px;\n}\n<\/style>\n\t<\/div>\n\t\n\n<div class=\"row row-small\"  id=\"row-1242703051\">\n\n\n\t<div id=\"col-1730847565\" class=\"col medium-3 small-12 large-3\"  >\n\t\t\t\t<div class=\"col-inner\"  >\n\t\t\t\n\t\t\t\n\n\n  <div class=\"banner has-hover\" id=\"banner-1317975576\">\n          <div class=\"banner-inner fill\">\n        <div class=\"banner-bg fill\" >\n            <div class=\"bg fill bg-fill\"><\/div>\n                        <div class=\"overlay\"><\/div>            \n                    <\/div>\n        <div class=\"banner-layers container\">\n            <div class=\"fill banner-link\"><\/div>            \n\n   <div id=\"text-box-1301686404\" class=\"text-box banner-layer x50 md-x50 lg-x50 y50 md-y50 lg-y50 res-text\">\n                                <div class=\"text-box-content text dark\">\n              \n              <div class=\"text-inner text-center\">\n                  \n\n\n              <\/div>\n           <\/div>\n                            \n<style>\n#text-box-1301686404 {\n  width: 60%;\n}\n#text-box-1301686404 .text-box-content {\n  font-size: 100%;\n}\n@media (min-width:550px) {\n  #text-box-1301686404 {\n    width: 60%;\n  }\n}\n<\/style>\n    <\/div>\n \n\n        <\/div>\n      <\/div>\n\n            \n<style>\n#banner-1317975576 {\n  padding-top: 99.99%;\n}\n#banner-1317975576 .bg.bg-loaded {\n  background-image: url(https:\/\/thecoffeefarmer.com\/wp-content\/uploads\/2025\/05\/MR-THAI-THE-COFFEE-FARMER.jpg);\n}\n#banner-1317975576 .overlay {\n  background-color: rgba(0, 109, 255, 0.03);\n}\n<\/style>\n  <\/div>\n\n\n<p class=\"uppercase\" style=\"text-align: center;\"><span class=\"person-name\"><br \/>\n<strong>MR TH\u00c1I<strong><br \/>\n<em>\u5efa\u8bbe\u793e\u533a<\/em><\/span><\/p>\n<div class=\"social-icons follow-icons full-width text-center\" ><a href=\"\/zh\/X\/\" target=\"_blank\" data-label=\"Twitter\" rel=\"noopener noreferrer nofollow\" class=\"icon button circle is-outline  twitter tooltip\" title=\"Follow on Twitter\" aria-label=\"Follow on Twitter\"><i class=\"icon-twitter\" ><\/i><\/a><a href=\"mailto:X\" data-label=\"E-mail\" rel=\"nofollow\" class=\"icon button circle is-outline  email tooltip\" title=\"Send us an email\" aria-label=\"Send us an email\"><i class=\"icon-envelop\" ><\/i><\/a><a href=\"\/zh\/X\/\" target=\"_blank\" rel=\"noopener noreferrer nofollow\"  data-label=\"Pinterest\"  class=\"icon button circle is-outline  pinterest tooltip\" title=\"Follow on Pinterest\" aria-label=\"Follow on Pinterest\"><i class=\"icon-pinterest\" ><\/i><\/a><a href=\"\/zh\/X\/\" target=\"_blank\" rel=\"noopener noreferrer nofollow\" data-label=\"LinkedIn\" class=\"icon button circle is-outline  linkedin tooltip\" title=\"Follow on LinkedIn\" aria-label=\"Follow on LinkedIn\"><i class=\"icon-linkedin\" ><\/i><\/a><\/div>\n\n<p style=\"text-align: center;\">\u77e5\u8bc6\u521b\u9020\u793e\u4f1a\u3001\u94fe\u63a5\u7684\u519c\u6c11\u79cd\u690d\u5496\u5561\u7684\u76f8\u540c\u7684\u624b\u5de5\u5236\u4f5c\u7684\u6839\u636e\u7684\u6807\u51c6\u5904\u7406\u4e25\u8c28\u7684\u8054\u76df\uff0c\u589e\u5f3a\u751f\u8ba1\u7684\u519c\u6c11\u548c\u9644\u52a0\u503c\u5bf9\u4e8e\u5496\u5561\u8c46\u3001\u8d8a\u5357\u3002<\/p>\n\n\t\t<\/div>\n\t\t\t\t\t<\/div>\n\n\t\n\n\t<div id=\"col-751294810\" class=\"col medium-3 small-12 large-3\"  >\n\t\t\t\t<div class=\"col-inner\"  >\n\t\t\t\n\t\t\t\n\n\n  <div class=\"banner has-hover\" id=\"banner-540717355\">\n          <div class=\"banner-inner fill\">\n        <div class=\"banner-bg fill\" >\n            <div class=\"bg fill bg-fill\"><\/div>\n                        <div class=\"overlay\"><\/div>            \n                    <\/div>\n        <div class=\"banner-layers container\">\n            <div class=\"fill banner-link\"><\/div>            \n\n   <div id=\"text-box-1896529230\" class=\"text-box banner-layer x50 md-x50 lg-x50 y50 md-y50 lg-y50 res-text\">\n                                <div class=\"text-box-content text dark\">\n              \n              <div class=\"text-inner text-center\">\n                  \n\n\n              <\/div>\n           <\/div>\n                            \n<style>\n#text-box-1896529230 {\n  width: 60%;\n}\n#text-box-1896529230 .text-box-content {\n  font-size: 100%;\n}\n@media (min-width:550px) {\n  #text-box-1896529230 {\n    width: 60%;\n  }\n}\n<\/style>\n    <\/div>\n \n\n        <\/div>\n      <\/div>\n\n            \n<style>\n#banner-540717355 {\n  padding-top: 99.99%;\n}\n#banner-540717355 .bg.bg-loaded {\n  background-image: url(https:\/\/thecoffeefarmer.com\/wp-content\/uploads\/2021\/12\/Pham-Khac-Tai-Co-van-chuyen-mon-The-Coffee-Farmer.jpg);\n}\n#banner-540717355 .overlay {\n  background-color: rgba(0, 109, 255, 0.03);\n}\n<\/style>\n  <\/div>\n\n\n<p class=\"uppercase\" style=\"text-align: center;\"><span class=\"person-name\"><br \/>\n<strong>\u5148\u751f\u7684\u8d22\u5bcc<\/strong><br \/>\n<em>\u4e13\u4e1a\u610f\u89c1<\/em><\/span><\/p>\n<div class=\"social-icons follow-icons full-width text-center\" ><a href=\"\/zh\/X\/\" target=\"_blank\" data-label=\"Twitter\" rel=\"noopener noreferrer nofollow\" class=\"icon button circle is-outline  twitter tooltip\" title=\"Follow on Twitter\" aria-label=\"Follow on Twitter\"><i class=\"icon-twitter\" ><\/i><\/a><a href=\"mailto:X\" data-label=\"E-mail\" rel=\"nofollow\" class=\"icon button circle is-outline  email tooltip\" title=\"Send us an email\" aria-label=\"Send us an email\"><i class=\"icon-envelop\" ><\/i><\/a><a href=\"\/zh\/X\/\" target=\"_blank\" rel=\"noopener noreferrer nofollow\"  data-label=\"Pinterest\"  class=\"icon button circle is-outline  pinterest tooltip\" title=\"Follow on Pinterest\" aria-label=\"Follow on Pinterest\"><i class=\"icon-pinterest\" ><\/i><\/a><a href=\"\/zh\/X\/\" target=\"_blank\" rel=\"noopener noreferrer nofollow\" data-label=\"LinkedIn\" class=\"icon button circle is-outline  linkedin tooltip\" title=\"Follow on LinkedIn\" aria-label=\"Follow on LinkedIn\"><i class=\"icon-linkedin\" ><\/i><\/a><\/div>\n\n<p style=\"text-align: center;\">\u7ecf\u5386\u7684\u8fc7\u7a0b\uff0c\u6b63\u5728\u57f9\u8bad\u5728\u77e5\u8bc6\u3001\u6280\u80fd\u548c\u7ecf\u9a8c\uff0c\u5728\u5904\u7406\u5496\u5561\u8c46\u7684\u7eff\u8272\u6309\u4e16\u754c\u6807\u51c6\u3002 \u82f1\u56fd\u662f\u4e00\u4e2a\u4eba\u8d1f\u8d23\u8f6c\u79fb\u7684\u5904\u7406\u6280\u672f\u7528\u4e8e\u513f\u7ae5\uff0c\u5c5e\u4e8e\u8be5\u6210\u5458\u5728\u8054\u76df\u519c\u6c11\u751f\u4ea7\u5496\u5561\uff0c\u5496\u5561\u519c\u6c11<\/p>\n\n\t\t<\/div>\n\t\t\t\t\t<\/div>\n\n\t\n\n\t<div id=\"col-1883723058\" class=\"col medium-3 small-12 large-3\"  >\n\t\t\t\t<div class=\"col-inner\"  >\n\t\t\t\n\t\t\t\n\n\n  <div class=\"banner has-hover\" id=\"banner-242356811\">\n          <div class=\"banner-inner fill\">\n        <div class=\"banner-bg fill\" >\n            <div class=\"bg fill bg-fill\"><\/div>\n                        <div class=\"overlay\"><\/div>            \n                    <\/div>\n        <div class=\"banner-layers container\">\n            <div class=\"fill banner-link\"><\/div>            \n\n   <div id=\"text-box-1454170251\" class=\"text-box banner-layer x50 md-x50 lg-x50 y50 md-y50 lg-y50 res-text\">\n                                <div class=\"text-box-content text dark\">\n              \n              <div class=\"text-inner text-center\">\n                  \n\n\n              <\/div>\n           <\/div>\n                            \n<style>\n#text-box-1454170251 {\n  width: 60%;\n}\n#text-box-1454170251 .text-box-content {\n  font-size: 100%;\n}\n@media (min-width:550px) {\n  #text-box-1454170251 {\n    width: 60%;\n  }\n}\n<\/style>\n    <\/div>\n \n\n        <\/div>\n      <\/div>\n\n            \n<style>\n#banner-242356811 {\n  padding-top: 99.99%;\n}\n#banner-242356811 .bg.bg-loaded {\n  background-image: url(https:\/\/thecoffeefarmer.com\/wp-content\/uploads\/2021\/08\/MS-GAM-TCF-BAO-LOC.jpg);\n}\n#banner-242356811 .overlay {\n  background-color: rgba(0, 109, 255, 0.03);\n}\n<\/style>\n  <\/div>\n\n\n<p class=\"uppercase\" style=\"text-align: center;\"><span class=\"person-name\"><br \/>\n<strong>\u5979GAM<\/strong><br \/>\n<em>\u5496\u5561\u519c\u6c11<\/em><\/span><\/p>\n<div class=\"social-icons follow-icons full-width text-center\" ><a href=\"\/zh\/X\/\" target=\"_blank\" data-label=\"Twitter\" rel=\"noopener noreferrer nofollow\" class=\"icon button circle is-outline  twitter tooltip\" title=\"Follow on Twitter\" aria-label=\"Follow on Twitter\"><i class=\"icon-twitter\" ><\/i><\/a><a href=\"mailto:X\" data-label=\"E-mail\" rel=\"nofollow\" class=\"icon button circle is-outline  email tooltip\" title=\"Send us an email\" aria-label=\"Send us an email\"><i class=\"icon-envelop\" ><\/i><\/a><a href=\"\/zh\/X\/\" target=\"_blank\" rel=\"noopener noreferrer nofollow\"  data-label=\"Pinterest\"  class=\"icon button circle is-outline  pinterest tooltip\" title=\"Follow on Pinterest\" aria-label=\"Follow on Pinterest\"><i class=\"icon-pinterest\" ><\/i><\/a><a href=\"\/zh\/X\/\" target=\"_blank\" rel=\"noopener noreferrer nofollow\" data-label=\"LinkedIn\" class=\"icon button circle is-outline  linkedin tooltip\" title=\"Follow on LinkedIn\" aria-label=\"Follow on LinkedIn\"><i class=\"icon-linkedin\" ><\/i><\/a><\/div>\n\n<p style=\"text-align: center;\">\u4ee3\u8868\u6210\u5458\u7684\u5496\u5561\u519c\u6c11-\u5b9dLoc\uff0c\u5979Gam\u662f\u4e00\u4e2a\u519c\u6c11\uff0c\u7b2c\u4e00\u4e2a\u53c2\u4e0e\u7684\u6210\u5458\u8054\u76df\uff0c\u8d1f\u8d23\u751f\u4ea7\u7684\u4ea7\u54c1\u7ebf\uff0c\u9ad8\u8d28\u91cf\u7684\u5496\u5561\u519c\u573a\u5730\u533a\uff0c\u5305Loc\uff0cLam Dong<\/p>\n\n\t\t<\/div>\n\t\t\t\t\t<\/div>\n\n\t\n\n\t<div id=\"col-732446140\" class=\"col medium-3 small-12 large-3\"  >\n\t\t\t\t<div class=\"col-inner\"  >\n\t\t\t\n\t\t\t\n\n\n  <div class=\"banner has-hover\" id=\"banner-108750189\">\n          <div class=\"banner-inner fill\">\n        <div class=\"banner-bg fill\" >\n            <div class=\"bg fill bg-fill\"><\/div>\n                        <div class=\"overlay\"><\/div>            \n                    <\/div>\n        <div class=\"banner-layers container\">\n            <div class=\"fill banner-link\"><\/div>            \n\n   <div id=\"text-box-1280054878\" class=\"text-box banner-layer x50 md-x50 lg-x50 y50 md-y50 lg-y50 res-text\">\n                                <div class=\"text-box-content text dark\">\n              \n              <div class=\"text-inner text-center\">\n                  \n\n\n              <\/div>\n           <\/div>\n                            \n<style>\n#text-box-1280054878 {\n  width: 60%;\n}\n#text-box-1280054878 .text-box-content {\n  font-size: 100%;\n}\n@media (min-width:550px) {\n  #text-box-1280054878 {\n    width: 60%;\n  }\n}\n<\/style>\n    <\/div>\n \n\n        <\/div>\n      <\/div>\n\n            \n<style>\n#banner-108750189 {\n  padding-top: 99.99%;\n}\n#banner-108750189 .bg.bg-loaded {\n  background-image: url(https:\/\/thecoffeefarmer.com\/wp-content\/uploads\/2021\/08\/BAC-HAI-TCF-GIA-LAI.jpg);\n}\n#banner-108750189 .overlay {\n  background-color: rgba(0, 109, 255, 0.03);\n}\n<\/style>\n  <\/div>\n\n\n<p class=\"uppercase\" style=\"text-align: center;\"><span class=\"person-name\"><br \/>\n<strong>B\u00c1C TH\u00c0NH<\/strong><br \/>\n<em>\u5496\u5561\u519c\u6c11<\/em><\/span><\/p>\n<div class=\"social-icons follow-icons full-width text-center\" ><a href=\"\/zh\/X\/\" target=\"_blank\" data-label=\"Twitter\" rel=\"noopener noreferrer nofollow\" class=\"icon button circle is-outline  twitter tooltip\" title=\"Follow on Twitter\" aria-label=\"Follow on Twitter\"><i class=\"icon-twitter\" ><\/i><\/a><a href=\"mailto:X\" data-label=\"E-mail\" rel=\"nofollow\" class=\"icon button circle is-outline  email tooltip\" title=\"Send us an email\" aria-label=\"Send us an email\"><i class=\"icon-envelop\" ><\/i><\/a><a href=\"\/zh\/X\/\" target=\"_blank\" rel=\"noopener noreferrer nofollow\"  data-label=\"Pinterest\"  class=\"icon button circle is-outline  pinterest tooltip\" title=\"Follow on Pinterest\" aria-label=\"Follow on Pinterest\"><i class=\"icon-pinterest\" ><\/i><\/a><a href=\"\/zh\/X\/\" target=\"_blank\" rel=\"noopener noreferrer nofollow\" data-label=\"LinkedIn\" class=\"icon button circle is-outline  linkedin tooltip\" title=\"Follow on LinkedIn\" aria-label=\"Follow on LinkedIn\"><i class=\"icon-linkedin\" ><\/i><\/a><\/div>\n\n<p style=\"text-align: center;\">\u0110\u1ea1i di\u1ec7n cho th\u00e0nh vi\u00ean The Coffee Farmer - B\u1ea3o L\u00e2m, Gia \u0111\u00ecnh anh Th\u00e0nh l\u00e0 m\u1ed9t trong nh\u1eefng n\u00f4ng h\u1ed9 \u0111\u1ea7u ti\u00ean tham gia th\u00e0nh vi\u00ean c\u1ee7a Li\u00ean Minh, ch\u1ecbu tr\u00e1ch nhi\u1ec7m s\u1ea3n xu\u1ea5t ra c\u00e1c d\u00f2ng s\u1ea3n ph\u1ea9m c\u00e0 ph\u00ea ch\u1ea5t l\u01b0\u1ee3ng cao t\u1ea1i n\u00f4ng tr\u1ea1i khu v\u1ef1c B\u1ea3o L\u00e2m, L\u00e2m \u0110\u1ed3ng<\/p>\n\n\t\t<\/div>\n\t\t\t\t\t<\/div>\n\n\t\n\n<\/div>\n\t\t<\/div>\n\n\t\t\n<style>\n#section_708832528 {\n  padding-top: 30px;\n  padding-bottom: 30px;\n}\n<\/style>\n\t<\/section>","protected":false},"excerpt":{"rendered":"","protected":false},"author":4,"featured_media":1379,"parent":0,"menu_order":0,"comment_status":"closed","ping_status":"closed","template":"","meta":[],"_links":{"self":[{"href":"https:\/\/thecoffeefarmer.com\/zh\/wp-json\/wp\/v2\/pages\/1312"}],"collection":[{"href":"https:\/\/thecoffeefarmer.com\/zh\/wp-json\/wp\/v2\/pages"}],"about":[{"href":"https:\/\/thecoffeefarmer.com\/zh\/wp-json\/wp\/v2\/types\/page"}],"author":[{"embeddable":true,"href":"https:\/\/thecoffeefarmer.com\/zh\/wp-json\/wp\/v2\/users\/4"}],"replies":[{"embeddable":true,"href":"https:\/\/thecoffeefarmer.com\/zh\/wp-json\/wp\/v2\/comments?post=1312"}],"version-history":[{"count":0,"href":"https:\/\/thecoffeefarmer.com\/zh\/wp-json\/wp\/v2\/pages\/1312\/revisions"}],"wp:featuredmedia":[{"embeddable":true,"href":"https:\/\/thecoffeefarmer.com\/zh\/wp-json\/wp\/v2\/media\/1379"}],"wp:attachment":[{"href":"https:\/\/thecoffeefarmer.com\/zh\/wp-json\/wp\/v2\/media?parent=1312"}],"curies":[{"name":"wp","href":"https:\/\/api.w.org\/{rel}","templated":true}]}}