{"id":1173,"date":"2021-08-02T16:22:55","date_gmt":"2021-08-02T09:22:55","guid":{"rendered":"https:\/\/thecoffeefarmer.com\/?page_id=1173"},"modified":"2025-05-09T10:25:56","modified_gmt":"2025-05-09T03:25:56","slug":"lien-he","status":"publish","type":"page","link":"https:\/\/thecoffeefarmer.com\/zh\/lien-he\/","title":{"rendered":"\u63a5\u89e6"},"content":{"rendered":"<section class=\"section dark\" id=\"section_121488669\">\n\t\t<div class=\"bg section-bg fill bg-fill\" >\n\n\t\t\t\n\t\t\t<div class=\"section-bg-overlay absolute fill\"><\/div>\n\t\t\t\n\n\t\t<\/div>\n\n\t\t<div class=\"section-content relative\">\n\t\t\t\n<div class=\"row\"  id=\"row-1062025565\">\n\n\t<div id=\"col-1605375534\" class=\"col small-12 large-12\"  >\n\t\t\t\t<div class=\"col-inner text-center\"  >\n\t\t\t\n\t\t\t\n<h2 style=\"font-size: 200%;\">\u6211\u4eec\u968f\u65f6\u51c6\u5907\u534f\u52a9\u4f60<\/h2>\n<p>\u4f60\u9700\u8981\u7684\u539f\u6750\u6599\u7684\u9ad8\u8d28\u91cf\u5496\u5561\u7684\u9662\u5b50\u91cc\u6253\u7535\u8bdd\u7ed9\u4ed6\u7684? \u4e0d\u8981\u72b9\u8c6b\uff0c\u8bf7\u4e0e\u6211\u4eec\u8054\u7cfb\uff0c\u4ee5\u83b7\u5f97\u6837\u54c1\u7684\u5b8c\u5168\u514d\u8d39\u7684\u3002<\/p>\n\t\t<\/div>\n\t\t\t\t\n<style>\n#col-1605375534 > .col-inner {\n  padding: 20px 0px 0px 0px;\n}\n<\/style>\n\t<\/div>\n\n\t\n<\/div>\n\t\t<\/div>\n\n\t\t\n<style>\n#section_121488669 {\n  padding-top: 140px;\n  padding-bottom: 140px;\n  background-color: rgb(40, 40, 40);\n}\n#section_121488669 .section-bg-overlay {\n  background-color: rgba(0, 0, 0, 0.3);\n}\n#section_121488669 .section-bg.bg-loaded {\n  background-image: url(https:\/\/thecoffeefarmer.com\/wp-content\/uploads\/2021\/08\/Frame-image-cua-Thecoffeefarmer.com-02.png);\n}\n<\/style>\n\t<\/section>\n\t\n\t<section class=\"section\" id=\"section_1638417814\">\n\t\t<div class=\"bg section-bg fill bg-fill  bg-loaded\" >\n\n\t\t\t\n\t\t\t\n\t\t\t\n\n\t\t<\/div>\n\n\t\t<div class=\"section-content relative\">\n\t\t\t\n<div class=\"row\"  id=\"row-1470472801\">\n\n\t<div id=\"col-1428974017\" class=\"col small-12 large-12\"  >\n\t\t\t\t<div class=\"col-inner\"  >\n\t\t\t\n\t\t\t\n<div class=\"row align-equal\"  id=\"row-1227578693\">\n\n\t<div id=\"col-1565376124\" class=\"col medium-6 small-12 large-6\"  >\n\t\t\t\t<div class=\"col-inner text-center\"  >\n\t\t\t\n\t\t\t\n\n\t\t<div class=\"icon-box featured-box icon-box-center text-center\"  >\n\t\t\t\t<div class=\"icon-box-text last-reset\">\n\t\t\t\t\t\t\t\t\t\n<h4>H\u1ed7 tr\u1ee3 c\u00e2y gi\u1ed1ng, ch\u0103m s\u00f3c<\/h4>\n<p>Gi\u1ed1ng c\u00e0 ph\u00ea Robusta Thi\u00ean Ph\u00fac, k\u1ef9 thu\u1eadt ch\u0103m s\u00f3c v\u01b0\u1eddn c\u00e2y<br \/>\n\t<div id=\"gap-397651810\" class=\"gap-element clearfix\" style=\"display:block; height:auto;\">\n\t\t\n<style>\n#gap-397651810 {\n  padding-top: 20px;\n}\n<\/style>\n\t<\/div>\n\t\n<a class=\"button secondary\"  >\n    <span>0923 331 939<\/span>\n  <\/a>\n\n\t\t<\/div>\n\t<\/div>\n\t\n\t\n\t\t<\/div>\n\t\t\t\t\t<\/div>\n\n\t\n\n\t<div id=\"col-1161524775\" class=\"col medium-6 small-12 large-6\"  >\n\t\t\t\t<div class=\"col-inner text-center\"  >\n\t\t\t\n\t\t\t\n\n\t\t<div class=\"icon-box featured-box icon-box-center text-center\"  >\n\t\t\t\t<div class=\"icon-box-text last-reset\">\n\t\t\t\t\t\t\t\t\t\n<h4>T\u01b0 v\u1ea5n kinh doanh Nguy\u00ean li\u1ec7u<\/h4>\n<p>\u8fd9\u4e2a\u95ee\u9898\u7684\u4ef7\u683c\u3001\u4ea7\u54c1\u548c\u4ea4\u4ed8<br \/>\n\t<div id=\"gap-824507094\" class=\"gap-element clearfix\" style=\"display:block; height:auto;\">\n\t\t\n<style>\n#gap-824507094 {\n  padding-top: 20px;\n}\n<\/style>\n\t<\/div>\n\t\n\t\t<\/div>\n\t<\/div>\n\t\n\t\n<a class=\"button secondary\"  >\n    <span>0932 126 186 (mr t\u00e0i)<\/span>\n  <\/a>\n\n\t\t<\/div>\n\t\t\t\t\t<\/div>\n\n\t\n\n\t<div id=\"col-1886538918\" class=\"col small-12 large-12\"  >\n\t\t\t\t<div class=\"col-inner text-center\" style=\"background-color:rgb(255,255,255);\" >\n\t\t\t\n\t\t\t\n<h3>\u8054\u7cfb\u4fe1\u606f<\/h3>\n<div class=\"is-divider divider clearfix\" ><\/div>\n<div class=\"row align-center\"  id=\"row-118164731\">\n\n\t<div id=\"col-734276748\" class=\"col medium-11 small-12 large-9\"  >\n\t\t\t\t<div class=\"col-inner text-left\"  >\n\t\t\t\n\t\t\t\n\n<div class=\"wpcf7 no-js\" id=\"wpcf7-f1196-o1\" lang=\"vi\" dir=\"ltr\">\n<div class=\"screen-reader-response\"><p role=\"status\" aria-live=\"polite\" aria-atomic=\"true\"><\/p> <ul><\/ul><\/div>\n<form action=\"\/zh\/wp-json\/wp\/v2\/pages\/1173#wpcf7-f1196-o1\" method=\"post\" class=\"wpcf7-form init\" aria-label=\"Form li\u00ean h\u1ec7\" novalidate=\"novalidate\" data-status=\"init\" data-trp-original-action=\"\/zh\/wp-json\/wp\/v2\/pages\/1173#wpcf7-f1196-o1\">\n<div style=\"display: none;\">\n<input type=\"hidden\" name=\"_wpcf7\" value=\"1196\" \/>\n<input type=\"hidden\" name=\"_wpcf7_version\" value=\"5.7.4\" \/>\n<input type=\"hidden\" name=\"_wpcf7_locale\" value=\"vi\" \/>\n<input type=\"hidden\" name=\"_wpcf7_unit_tag\" value=\"wpcf7-f1196-o1\" \/>\n<input type=\"hidden\" name=\"_wpcf7_container_post\" value=\"0\" \/>\n<input type=\"hidden\" name=\"_wpcf7_posted_data_hash\" value=\"\" \/>\n<\/div>\n<p><label>\u4f60\u7684\u8bf7\u6c42(*):<\/label><br \/>\n<span class=\"wpcf7-form-control-wrap\" data-name=\"your-subject\"><select class=\"wpcf7-form-control wpcf7-select wpcf7-validates-as-required\" aria-required=\"true\" aria-invalid=\"false\" name=\"your-subject\"><option value=\"G\u1eedi h\u00e0ng m\u1eabu\">\u53d1\u9001\u6837\u54c1<\/option><option value=\"T\u01b0 v\u1ea5n s\u1ea3n ph\u1ea9m\">\u7684\u4ea7\u54c1\u7684\u5efa\u8bae<\/option><option value=\"Kh\u00e1c\">\u5176\u4ed6\u7684<\/option><\/select><\/span><br \/>\n<label>\u4f60\u7684\u540d\u5b57(*):<\/label><br \/>\n<span class=\"wpcf7-form-control-wrap\" data-name=\"your-name\"><input size=\"40\" class=\"wpcf7-form-control wpcf7-text wpcf7-validates-as-required\" aria-required=\"true\" aria-invalid=\"false\" value=\"\" type=\"text\" name=\"your-name\" \/><\/span><br \/>\n<label>\u4f60\u7684\u7535\u5b50\u90ae\u4ef6(*):<\/label><br \/>\n<span class=\"wpcf7-form-control-wrap\" data-name=\"your-email\"><input size=\"40\" class=\"wpcf7-form-control wpcf7-text wpcf7-email wpcf7-validates-as-required wpcf7-validates-as-email\" aria-required=\"true\" aria-invalid=\"false\" value=\"\" type=\"email\" name=\"your-email\" \/><\/span><br \/>\n<label> \u4f60\u7684\u624b\u673a(*):<\/label><br \/>\n<span class=\"wpcf7-form-control-wrap\" data-name=\"your-phone\"><input size=\"40\" class=\"wpcf7-form-control wpcf7-text wpcf7-tel wpcf7-validates-as-required wpcf7-validates-as-tel\" aria-required=\"true\" aria-invalid=\"false\" value=\"\" type=\"tel\" name=\"your-phone\" \/><\/span><br \/>\n<label>\u4f60\u7684\u6d88\u606f\u7684(*):<\/label><br \/>\n<span class=\"wpcf7-form-control-wrap\" data-name=\"your-message\"><textarea cols=\"40\" rows=\"10\" class=\"wpcf7-form-control wpcf7-textarea\" aria-invalid=\"false\" name=\"your-message\"><\/textarea><\/span>\n<\/p>\n<center>\n\t<p><input class=\"wpcf7-form-control has-spinner wpcf7-submit button\" type=\"submit\" value=\"\u63d0\u4ea4\u73b0\u5728\" \/>\n\t<\/p>\n<\/center><p style=\"display: none !important;\"><label>&#916;<textarea name=\"_wpcf7_ak_hp_textarea\" cols=\"45\" rows=\"8\" maxlength=\"100\"><\/textarea><\/label><input type=\"hidden\" id=\"ak_js_1\" name=\"_wpcf7_ak_js\" value=\"75\"\/><script>document.getElementById( \"ak_js_1\" ).setAttribute( \"value\", ( new Date() ).getTime() );<\/script><\/p><div class=\"wpcf7-response-output\" aria-hidden=\"true\"><\/div>\n<input type=\"hidden\" name=\"trp-form-language\" value=\"zh\"\/><\/form>\n<\/div>\n\n\t\t<\/div>\n\t\t\t\t\t<\/div>\n\n\t\n<\/div>\n\t\t<\/div>\n\t\t\t\t\t<\/div>\n\n\t\n\n<style>\n#row-1227578693 > .col > .col-inner {\n  padding: 40px 40px 40px 40px;\n  background-color: rgb(255,255,255);\n}\n<\/style>\n<\/div>\n\t\t<\/div>\n\t\t\t\t\n<style>\n#col-1428974017 > .col-inner {\n  margin: -100px 0px 0px 0px;\n}\n<\/style>\n\t<\/div>\n\n\t\n<\/div>\n<div class=\"row\"  id=\"row-2059783474\">\n\n\t<div id=\"col-1179457929\" class=\"col small-12 large-12\"  >\n\t\t\t\t<div class=\"col-inner text-center\"  >\n\t\t\t\n\t\t\t\n<h4>\u89e3\u51b3\u4f1a\u5458\u5728\u8054\u76df\u7684\u5496\u5561\u519c\u6c11<\/h4>\n\t\t<\/div>\n\t\t\t\t\t<\/div>\n\n\t\n<\/div>\n<div class=\"row\"  id=\"row-251233909\">\n\n\t<div id=\"col-127305560\" class=\"col medium-6 small-12 large-6\"  >\n\t\t\t\t<div class=\"col-inner\"  >\n\t\t\t\n\t\t\t\n\t<div id=\"text-1912311212\" class=\"text\">\n\t\t\n<h5 class=\"uppercase\">C\u01a0 S\u1ede CH\u00cdNH: THE COFFEE FARMER &#8211; B\u1ea2O L\u00c2M<\/h5>\n<p>\u0110\u1ecba ch\u1ec9: 417\/5B \u0111\u01b0\u1eddng H\u00e0m Nghi, T\u1ed5 19, th\u1ecb tr\u1ea5n L\u1ed9c Th\u1eafng, huy\u1ec7n B\u1ea3o L\u00e2m, t\u1ec9nh L\u00e2m \u0110\u1ed3ng, Vi\u1ec7t Nam<\/p>\n<p>S\u1ed1 \u0111i\u1ec7n tho\u1ea1i li\u00ean h\u1ec7: 0932126186 (Anh T\u00e0i)<\/p>\n\t\t\n<style>\n#text-1912311212 {\n  text-align: left;\n}\n<\/style>\n\t<\/div>\n\t\n\t\t<\/div>\n\t\t\t\t\t<\/div>\n\n\t\n\n\t<div id=\"col-830437764\" class=\"col medium-6 small-12 large-6\"  >\n\t\t\t\t<div class=\"col-inner text-left\"  >\n\t\t\t\n\t\t\t\n<p><iframe src=\"https:\/\/www.google.com\/maps\/embed?pb=!1m18!1m12!1m3!1d3907.7198550431094!2d107.8077502!3d11.643300900000002!2m3!1f0!2f0!3f0!3m2!1i1024!2i768!4f13.1!3m3!1m2!1s0x3173f1d72fb8aaf3%3A0x1617142573c44c70!2zTsO0bmcgdHLhuqFpIGNo4bq_IGJp4bq_biBjw6AgcGjDqiBUSEUgQ09GRkVFIEZBUk1FUiAoQuG6o28gTMOibSk!5e0!3m2!1svi!2s!4v1746760764882!5m2!1svi!2s\" width=\"600\" height=\"450\" style=\"border:0;\" allowfullscreen=\"\" loading=\"lazy\" referrerpolicy=\"no-referrer-when-downgrade\"><\/iframe><\/p>\n\t\t<\/div>\n\t\t\t\t\t<\/div>\n\n\t\n\n\t<div id=\"col-1224125079\" class=\"col medium-6 small-12 large-6\"  >\n\t\t\t\t<div class=\"col-inner\"  >\n\t\t\t\n\t\t\t\n\t<div id=\"text-2256746069\" class=\"text\">\n\t\t\n<h5 class=\"uppercase\">C\u01a0 S\u1ede 2: THE COFFEE FARMER &#8211; B\u1ea2O L\u1ed8C<\/h5>\n<p>\u5730\u5740\uff1a\u7b2c86\/8\uff0cB&#039;Labor Xire\uff0c6\u4e2a\u6751\u5e84\uff0c\u5927\u5b66\u8001\u631d\u3001\u80e1\u5fd7\u660e\u5e02\u3002 \u5b9dLoc\uff0cLam Dong\u7701<\/p>\n<p>\u8054\u7cfb\u7535\u8bdd\u53f7\u7801\uff1a0932.126.186(\u82f1\u56fd\u4eba\u3001\u878d\u8d44)<\/p>\n\t\t\n<style>\n#text-2256746069 {\n  text-align: left;\n}\n<\/style>\n\t<\/div>\n\t\n\t\t<\/div>\n\t\t\t\t\t<\/div>\n\n\t\n\n\t<div id=\"col-58350136\" class=\"col medium-6 small-12 large-6\"  >\n\t\t\t\t<div class=\"col-inner text-left\"  >\n\t\t\t\n\t\t\t\n<p><iframe src=\"https:\/\/www.google.com\/maps\/embed?pb=!1m14!1m8!1m3!1d18069.42566114898!2d107.7330632042909!3d11.484462069363772!3m2!1i1024!2i768!4f13.1!3m3!1m2!1s0x0%3A0x387a88378ec5286e!2zVGhlIENvZmZlZSBGYXJtZXIgLSBC4bqjbyBM4buZYw!5e0!3m2!1svi!2sus!4v1649046911594!5m2!1svi!2sus\" width=\"600\" height=\"450\" style=\"border:0;\" allowfullscreen=\"\" loading=\"lazy\" referrerpolicy=\"no-referrer-when-downgrade\"><\/iframe><\/p>\n\t\t<\/div>\n\t\t\t\t\t<\/div>\n\n\t\n<\/div>\n\t\t<\/div>\n\n\t\t\n<style>\n#section_1638417814 {\n  padding-top: 30px;\n  padding-bottom: 30px;\n  background-color: rgb(244, 244, 244);\n}\n<\/style>\n\t<\/section>","protected":false},"excerpt":{"rendered":"","protected":false},"author":4,"featured_media":1470,"parent":0,"menu_order":0,"comment_status":"closed","ping_status":"closed","template":"","meta":[],"_links":{"self":[{"href":"https:\/\/thecoffeefarmer.com\/zh\/wp-json\/wp\/v2\/pages\/1173"}],"collection":[{"href":"https:\/\/thecoffeefarmer.com\/zh\/wp-json\/wp\/v2\/pages"}],"about":[{"href":"https:\/\/thecoffeefarmer.com\/zh\/wp-json\/wp\/v2\/types\/page"}],"author":[{"embeddable":true,"href":"https:\/\/thecoffeefarmer.com\/zh\/wp-json\/wp\/v2\/users\/4"}],"replies":[{"embeddable":true,"href":"https:\/\/thecoffeefarmer.com\/zh\/wp-json\/wp\/v2\/comments?post=1173"}],"version-history":[{"count":0,"href":"https:\/\/thecoffeefarmer.com\/zh\/wp-json\/wp\/v2\/pages\/1173\/revisions"}],"wp:featuredmedia":[{"embeddable":true,"href":"https:\/\/thecoffeefarmer.com\/zh\/wp-json\/wp\/v2\/media\/1470"}],"wp:attachment":[{"href":"https:\/\/thecoffeefarmer.com\/zh\/wp-json\/wp\/v2\/media?parent=1173"}],"curies":[{"name":"wp","href":"https:\/\/api.w.org\/{rel}","templated":true}]}}