{"id":1301,"date":"2021-08-18T17:13:58","date_gmt":"2021-08-18T10:13:58","guid":{"rendered":"https:\/\/thecoffeefarmer.com\/?post_type=product&#038;p=1301"},"modified":"2025-03-07T23:22:14","modified_gmt":"2025-03-07T16:22:14","slug":"ca-phe-nhan-fine-robusta-anaerobic-natural","status":"publish","type":"product","link":"https:\/\/thecoffeefarmer.com\/ja\/ca-phe-nhan-fine-robusta-anaerobic-natural\/","title":{"rendered":"\u30b3\u30fc\u30d2\u30fc\u306e\u7f70Robusta\u2013\u5acc\u6c17\u6027\u5929\u7136"},"content":{"rendered":"<h2><strong>\u30b3\u30fc\u30d2\u30fc\u306e\u7f70Robusta\u2013\u5acc\u6c17\u6027\u81ea\u7136\u306b\u306a\u308a\u307e\u3059\u3002<\/strong><\/h2>\n<p>\u4e00\u7c92\u306f\u719f\u3057\u305f\u3001\u8fb2\u6c11\u3066\u9078\u629e\u7684\u306a\u6b8b\u304f\u524d\u306b\u6d41\u51fa\u3059\u308b\u6050\u308c\u304c\u3042\u308b\u3068\u306e\u6a3d\u5acc\u6c17\u6027\u767a\u9175\u306e\u6bb5\u968e\u3067\u306e\u5f8c\u51e6\u7406\u306a\u3069\u306e\u767a\u9175\u3001\u4e7e\u71e5\u304c\u9045\u304f\u30012\u6bb5\u968e\u3067\u3001\u4fdd\u7ba1\u3001\u4fdd\u5b58\u304c\u5236\u5fa1\u3055\u308c\u308b\u30b3\u30d2\u30fc\u30ec\u30f3\u30c8\u306e\u305f\u3081\u306b\u5927\u304d\u306a\u5473\u304c\u5b89\u5b9a\u3057\u3001\u54c1\u8cea\u306e\u5747\u4e00\u5316\u3092\u901a\u3058\u3066\u307e\u3059\u3002<\/p>\n<ul>\n<li><em>\u8a8d\u5b9a\u54c1\u8cea\u306e\u30d5\u30a1\u30a4\u30f3Robusta <strong>84.5<\/strong> \u30dd\u30a4\u30f3\u30c8CQI<\/em><\/li>\n<li><em>\u5473\u308f\u3044\u306e\u5929\u7136\u679c\u5b9f\u71b1\u5e2f<\/em><\/li>\n<li><em>\u4e16\u754c\u3067\u6700\u3082\u53b3\u9078\u3057\u305f\u3001\u5acc\u6c17\u6027\u767a\u9175<\/em><\/li>\n<li><em>\u52df\u96c6\u304b\u3089\u76f4\u63a5\u3001\u8fb2\u5834<\/em><\/li>\n<\/ul>\n<h2><strong>\u54c1\u8cea\u3068\u5473\u7d30Robusta\u2013\u5acc\u6c17\u6027\u81ea\u7136\u306b\u7814\u7a76\u6240\u306eCQI<\/strong><\/h2>\n<figure id=\"attachment_1671\" aria-describedby=\"caption-attachment-1671\" style=\"width: 571px\" class=\"wp-caption aligncenter\"><a href=\"https:\/\/thecoffeefarmer.com\/wp-content\/uploads\/2021\/08\/CQI-certificate-Fine-Robusta-Anaerobic-Natural-The-Coffee-Farmer.png\"><img decoding=\"async\" loading=\"lazy\" class=\"size-full wp-image-1671\" src=\"https:\/\/thecoffeefarmer.com\/wp-content\/uploads\/2021\/08\/CQI-certificate-Fine-Robusta-Anaerobic-Natural-The-Coffee-Farmer.png\" alt=\"\u59d4\u54e1\u4f1a\u306f\u3001\u54c1\u8cea\u306eRobusta\u8a8d\u5b9aCQI\" width=\"571\" height=\"400\" srcset=\"https:\/\/thecoffeefarmer.com\/wp-content\/uploads\/2021\/08\/CQI-certificate-Fine-Robusta-Anaerobic-Natural-The-Coffee-Farmer.png 571w, https:\/\/thecoffeefarmer.com\/wp-content\/uploads\/2021\/08\/CQI-certificate-Fine-Robusta-Anaerobic-Natural-The-Coffee-Farmer-18x12.png 18w, https:\/\/thecoffeefarmer.com\/wp-content\/uploads\/2021\/08\/CQI-certificate-Fine-Robusta-Anaerobic-Natural-The-Coffee-Farmer-510x357.png 510w\" sizes=\"(max-width: 571px) 100vw, 571px\" \/><\/a><figcaption id=\"caption-attachment-1671\" class=\"wp-caption-text\">\u59d4\u54e1\u4f1a\u306f\u3001\u54c1\u8cea\u306eRobusta\u8a8d\u5b9aCQI<\/figcaption><\/figure>\n<p>\u8a3c\u660e\u66f8\u306e\u8a73\u7d30\u60c5\u5831\u3092\u54c1\u8cea\u3001\u7279\u5fb4\u7684\u306a\u5473\u899a\u3092\u3054\u89a7\u304f\u3060\u3055\u3044 <a href=\"https:\/\/database.coffeeinstitute.org\/coffee\/697065\" target=\"_blank\" rel=\"noopener\">\u3053\u306e<\/a><\/p>\n<h2><strong>\u6620\u50cf\u51e6\u7406\u30b3\u30fc\u30d2\u30fc\u306e\u7f70Robusta\u2013\u5acc\u6c17\u6027\u5929\u7136<\/strong><\/h2>\n<p><iframe loading=\"lazy\" title=\"\u5faeROBUSTA\u5929\u7136\u306e\u30b3\u30fc\u30d2\u30fc\u52a0\u5de5-\u5acc\u6c17\u6027\u767a\u9175\u9175\u6bcd\u306e\u30b3\u30fc\u30d2\u30fc\u8fb2\u5bb6\" width=\"1020\" height=\"574\" src=\"https:\/\/www.youtube.com\/embed\/SJFDLvk8Rbk?feature=oembed\" frameborder=\"0\" allow=\"accelerometer; autoplay; clipboard-write; encrypted-media; gyroscope; picture-in-picture; web-share\" allowfullscreen><\/iframe><\/p>\n<h2><strong>\u3054\u9023\u7d61\u306e\u305f\u3081\u306b\u3054\u6ce8\u6587\u5546\u54c1\uff1a<\/strong><\/h2>\n<figure id=\"attachment_1752\" aria-describedby=\"caption-attachment-1752\" style=\"width: 600px\" class=\"wp-caption aligncenter\"><a href=\"https:\/\/thecoffeefarmer.com\/wp-content\/uploads\/2021\/08\/Fine-Robusta-Anaerobic-Natural-9-1.jpg\"><img decoding=\"async\" loading=\"lazy\" class=\"size-full wp-image-1752\" src=\"https:\/\/thecoffeefarmer.com\/wp-content\/uploads\/2021\/08\/Fine-Robusta-Anaerobic-Natural-9-1.jpg\" alt=\"Fine Robusta - Anaerobic Natural (9) - H\u00ecnh \u1ea3nh th\u1ef1c t\u1ebf\" width=\"600\" height=\"338\" srcset=\"https:\/\/thecoffeefarmer.com\/wp-content\/uploads\/2021\/08\/Fine-Robusta-Anaerobic-Natural-9-1.jpg 600w, https:\/\/thecoffeefarmer.com\/wp-content\/uploads\/2021\/08\/Fine-Robusta-Anaerobic-Natural-9-1-18x10.jpg 18w, https:\/\/thecoffeefarmer.com\/wp-content\/uploads\/2021\/08\/Fine-Robusta-Anaerobic-Natural-9-1-510x287.jpg 510w\" sizes=\"(max-width: 600px) 100vw, 600px\" \/><\/a><figcaption id=\"caption-attachment-1752\" class=\"wp-caption-text\">Fine Robusta &#8211; Anaerobic Natural (9) &#8211; H\u00ecnh \u1ea3nh th\u1ef1c t\u1ebf<\/figcaption><\/figure>\n<p>C\u00e0 ph\u00ea nh\u00e2n xanh v\u1ee5 m\u00f9a 2022-2023 \u0111\u00e3 s\u1eb5n s\u00e0ng! Nh\u00e0 rang xay v\u00e0 xu\u1ea5t kh\u1ea9u c\u00f3 nhu c\u1ea7u t\u00ecm ki\u1ebfm cho x\u01b0\u1edfng rang c\u1ee7a m\u00ecnh nh\u1eefng d\u00f2ng c\u00e0 ph\u00ea nguy\u00ean li\u1ec7u nh\u00e2n xanh ch\u1ea5t l\u01b0\u1ee3ng cao c\u00f3 th\u1ec3 li\u00ean h\u1ec7\u00a0hotline\u00a0<strong>0901 382 247(\u8cfc)<\/strong>\u00a0\u0111\u1ec3 \u0111\u01b0\u1ee3c t\u01b0 v\u1ea5n tr\u1ef1c ti\u1ebfp ho\u1eb7c \u0111i\u1ec1n th\u00f4ng tin qua\u00a0<a href=\"https:\/\/thecoffeefarmer.com\/ja\/lien-he\/\">bi\u1ec3u m\u1eabu<\/a>\u00a0n\u00e0y. Ch\u00fang t\u00f4i s\u1ebd li\u00ean h\u1ec7 l\u1ea1i v\u00e0 s\u1eb5n s\u00e0ng h\u1ed7 tr\u1ee3 g\u1eedi h\u00e0ng m\u1eabu\u00a0<strong>mi\u1ec5n ph\u00ed<\/strong>\u00a0ngay cho b\u1ea1n.<\/p>","protected":false},"excerpt":{"rendered":"<p><strong>\u30b3\u30fc\u30d2\u30fc\u306e\u7f70Robusta\u2013\u5acc\u6c17\u6027\u5929\u7136<\/strong> \u51e6\u7406\u306e\u65b9\u6cd5\u306b\u6e96\u3058\u3066\u3001\u81ea\u7136\u306e\u5acc\u6c17\u6027\u3092\u3054\u5229\u7528\u3044\u305f\u3060\u3051\u307e\u3059(\u53f3\u304b\u3089\u6700\u521d\u306e\u5473\u3001\u521d\u3081\u3066\u306e\u30d5\u30eb\u30fc\u30c4\u98a8\u5473\u306e\u81ea\u7136\u306b\u660e\u308b\u304f\u3001\u9b45\u529b\u7684\u306a\u3068\u3057\u3066\u306e\u30d6\u30eb\u30fc\u30d9\u30ea\u30fc\u3001jackfruit\u3001\u60c5\u71b1\u306e\u30d5\u30eb\u30fc\u30c4---\u3092\u3061\u82b1\u8c4a\u304b\u306b\u306a\u308a\u307e\u3057\u305f\u3002 \u3053\u308c\u306f\u7d20\u6674\u3089\u3057\u3044\u9078\u629e\u80a2\u306e\u305f\u3081\u306e\u9769\u65b0\u7684\u306a\u88fd\u54c1\u306e\u539f\u7523\u56fd\u304b\u3089\u306eRobusta\u30d9\u30c8\u30ca\u30e0\u306e\u30ab\u30c6\u30b4\u30ea\u306e\u88fd\u54c1\u3067\u3059\u3002<\/p>","protected":false},"featured_media":1634,"comment_status":"open","ping_status":"closed","template":"","meta":[],"product_cat":[127],"product_tag":[145],"_links":{"self":[{"href":"https:\/\/thecoffeefarmer.com\/ja\/wp-json\/wp\/v2\/product\/1301"}],"collection":[{"href":"https:\/\/thecoffeefarmer.com\/ja\/wp-json\/wp\/v2\/product"}],"about":[{"href":"https:\/\/thecoffeefarmer.com\/ja\/wp-json\/wp\/v2\/types\/product"}],"replies":[{"embeddable":true,"href":"https:\/\/thecoffeefarmer.com\/ja\/wp-json\/wp\/v2\/comments?post=1301"}],"wp:featuredmedia":[{"embeddable":true,"href":"https:\/\/thecoffeefarmer.com\/ja\/wp-json\/wp\/v2\/media\/1634"}],"wp:attachment":[{"href":"https:\/\/thecoffeefarmer.com\/ja\/wp-json\/wp\/v2\/media?parent=1301"}],"wp:term":[{"taxonomy":"product_cat","embeddable":true,"href":"https:\/\/thecoffeefarmer.com\/ja\/wp-json\/wp\/v2\/product_cat?post=1301"},{"taxonomy":"product_tag","embeddable":true,"href":"https:\/\/thecoffeefarmer.com\/ja\/wp-json\/wp\/v2\/product_tag?post=1301"}],"curies":[{"name":"wp","href":"https:\/\/api.w.org\/{rel}","templated":true}]}}