{"id":1303,"date":"2021-08-18T17:16:15","date_gmt":"2021-08-18T10:16:15","guid":{"rendered":"https:\/\/thecoffeefarmer.com\/?post_type=product&#038;p=1303"},"modified":"2025-07-02T11:32:15","modified_gmt":"2025-07-02T04:32:15","slug":"ca-phe-nhan-premium-robusta-yellow-honey","status":"publish","type":"product","link":"https:\/\/thecoffeefarmer.com\/en\/ca-phe-nhan-premium-robusta-yellow-honey\/","title":{"rendered":"Coffee Premium Robusta \u2013 Yellow Honey"},"content":{"rendered":"<h2><strong>Coffee Premium Robusta \u2013 Yellow Honey<\/strong><\/h2>\n<p>Once berries are ripe, the farmers devoted selective&#039;t left carefully before being washed, remove the seeds, blue, deep, small ... before putting on the system, peeled, remove the peel and the flesh around the seeds, a portion slime also remain on the seeds before being put into the system greenhouse drying, storage, preserved ... all stages are controlled in a coherent way in order to bring great taste to ensure stable and uniform quality through the seasons.<\/p>\n<ul>\n<li><em>The characteristic flavour: caramel, dark chocolate<\/em><\/li>\n<li><em>The number of large, carefully selected, fermented short<\/em><\/li>\n<li><em>Selected directly from the farm<\/em><\/li>\n<\/ul>\n<h2><strong>Video processing coffee Premium Robusta \u2013 Yellow Honey<\/strong><\/h2>\n<p><iframe loading=\"lazy\" title=\"THE PRODUCTION PROCESS OF COFFEE | THE COFFEE FARMER | SELECTION DIRECT FROM THE FARM\" width=\"1020\" height=\"574\" src=\"https:\/\/www.youtube.com\/embed\/pKuT0RBYAMk?feature=oembed\" frameborder=\"0\" allow=\"accelerometer; autoplay; clipboard-write; encrypted-media; gyroscope; picture-in-picture; web-share\" allowfullscreen><\/iframe><\/p>\n<h2><strong>Contact us for ordering products:<\/strong><\/h2>\n<figure id=\"attachment_1749\" aria-describedby=\"caption-attachment-1749\" style=\"width: 600px\" class=\"wp-caption aligncenter\"><a href=\"https:\/\/thecoffeefarmer.com\/wp-content\/uploads\/2021\/08\/Premium-Robusta-Yellow-Honey-7-1.jpg\"><img decoding=\"async\" loading=\"lazy\" class=\"wp-image-1749 size-full\" src=\"https:\/\/thecoffeefarmer.com\/wp-content\/uploads\/2021\/08\/Premium-Robusta-Yellow-Honey-7-1.jpg\" alt=\"Premium Robusta - Yellow Honey - H\u00ecnh \u1ea3nh th\u1ef1c t\u1ebf\" width=\"600\" height=\"338\" srcset=\"https:\/\/thecoffeefarmer.com\/wp-content\/uploads\/2021\/08\/Premium-Robusta-Yellow-Honey-7-1.jpg 600w, https:\/\/thecoffeefarmer.com\/wp-content\/uploads\/2021\/08\/Premium-Robusta-Yellow-Honey-7-1-18x10.jpg 18w, https:\/\/thecoffeefarmer.com\/wp-content\/uploads\/2021\/08\/Premium-Robusta-Yellow-Honey-7-1-510x287.jpg 510w\" sizes=\"(max-width: 600px) 100vw, 600px\" \/><\/a><figcaption id=\"caption-attachment-1749\" class=\"wp-caption-text\">Premium Robusta &#8211; Yellow Honey &#8211; H\u00ecnh \u1ea3nh th\u1ef1c t\u1ebf<\/figcaption><\/figure>\n<p>C\u00e0 ph\u00ea nh\u00e2n xanh v\u1ee5 m\u00f9a 2022-2023 \u0111\u00e3 s\u1eb5n s\u00e0ng! Nh\u00e0 rang xay v\u00e0 xu\u1ea5t kh\u1ea9u c\u00f3 nhu c\u1ea7u t\u00ecm ki\u1ebfm cho x\u01b0\u1edfng rang c\u1ee7a m\u00ecnh nh\u1eefng d\u00f2ng c\u00e0 ph\u00ea nguy\u00ean li\u1ec7u nh\u00e2n xanh ch\u1ea5t l\u01b0\u1ee3ng cao c\u00f3 th\u1ec3 li\u00ean h\u1ec7\u00a0hotline <strong>0901 382 247 (Kaldi)<\/strong> \u0111\u1ec3 \u0111\u01b0\u1ee3c t\u01b0 v\u1ea5n tr\u1ef1c ti\u1ebfp ho\u1eb7c \u0111i\u1ec1n th\u00f4ng tin qua <a href=\"https:\/\/thecoffeefarmer.com\/en\/contact-us\/\">bi\u1ec3u m\u1eabu<\/a> n\u00e0y. Ch\u00fang t\u00f4i s\u1ebd li\u00ean h\u1ec7 l\u1ea1i v\u00e0 s\u1eb5n s\u00e0ng h\u1ed7 tr\u1ee3 g\u1eedi h\u00e0ng m\u1eabu <strong>mi\u1ec5n ph\u00ed<\/strong> ngay cho b\u1ea1n.<\/p>","protected":false},"excerpt":{"rendered":"<p><strong>Coffee Premium Robusta \u2013 Yellow Honey<\/strong> be processed according to the method of honey would be great choice for product line brewed characteristic of Vietnam or the mixture blended for coffee cups espresso your balance. <strong><em>A very sweet, bold, deep listening<\/em><\/strong> ... groups caramel, dark chocolate accompanied by a smooth feeling, are the characteristics for this product series.<\/p>","protected":false},"featured_media":1637,"comment_status":"open","ping_status":"closed","template":"","meta":[],"product_cat":[127],"product_tag":[147],"_links":{"self":[{"href":"https:\/\/thecoffeefarmer.com\/en\/wp-json\/wp\/v2\/product\/1303"}],"collection":[{"href":"https:\/\/thecoffeefarmer.com\/en\/wp-json\/wp\/v2\/product"}],"about":[{"href":"https:\/\/thecoffeefarmer.com\/en\/wp-json\/wp\/v2\/types\/product"}],"replies":[{"embeddable":true,"href":"https:\/\/thecoffeefarmer.com\/en\/wp-json\/wp\/v2\/comments?post=1303"}],"wp:featuredmedia":[{"embeddable":true,"href":"https:\/\/thecoffeefarmer.com\/en\/wp-json\/wp\/v2\/media\/1637"}],"wp:attachment":[{"href":"https:\/\/thecoffeefarmer.com\/en\/wp-json\/wp\/v2\/media?parent=1303"}],"wp:term":[{"taxonomy":"product_cat","embeddable":true,"href":"https:\/\/thecoffeefarmer.com\/en\/wp-json\/wp\/v2\/product_cat?post=1303"},{"taxonomy":"product_tag","embeddable":true,"href":"https:\/\/thecoffeefarmer.com\/en\/wp-json\/wp\/v2\/product_tag?post=1303"}],"curies":[{"name":"wp","href":"https:\/\/api.w.org\/{rel}","templated":true}]}}