{"id":1301,"date":"2021-08-18T17:13:58","date_gmt":"2021-08-18T10:13:58","guid":{"rendered":"https:\/\/thecoffeefarmer.com\/?post_type=product&#038;p=1301"},"modified":"2025-03-07T23:22:14","modified_gmt":"2025-03-07T16:22:14","slug":"ca-phe-nhan-fine-robusta-anaerobic-natural","status":"publish","type":"product","link":"https:\/\/thecoffeefarmer.com\/en\/ca-phe-nhan-fine-robusta-anaerobic-natural\/","title":{"rendered":"Coffee Fine Robusta \u2013 Anaerobic Natural"},"content":{"rendered":"<h2><strong>Coffee Fine Robusta \u2013 Anaerobic Natural.<\/strong><\/h2>\n<p>Once berries are ripe, the farmers devoted selective&#039;t left carefully before being washed and put into the barrel fermented anaerobic, all the stages of later processing such as fermentation, drying, slow 2 phases, storage, preservation, ... are controlled in a coherent way in order to bring great taste to ensure stable and uniform quality through the seasons.<\/p>\n<ul>\n<li><em>Certified quality Fine Robusta <strong>84.5<\/strong> point by CQI<\/em><\/li>\n<li><em>Taste natural fruit tropical<\/em><\/li>\n<li><em>The world&#039;s most carefully selected, fermentation anaerobic<\/em><\/li>\n<li><em>Selected directly from the farm<\/em><\/li>\n<\/ul>\n<h2><strong>Quality and taste Fine Robusta \u2013 Anaerobic Natural according to the institute CQI<\/strong><\/h2>\n<figure id=\"attachment_1671\" aria-describedby=\"caption-attachment-1671\" style=\"width: 571px\" class=\"wp-caption aligncenter\"><a href=\"https:\/\/thecoffeefarmer.com\/wp-content\/uploads\/2021\/08\/CQI-certificate-Fine-Robusta-Anaerobic-Natural-The-Coffee-Farmer.png\"><img decoding=\"async\" loading=\"lazy\" class=\"size-full wp-image-1671\" src=\"https:\/\/thecoffeefarmer.com\/wp-content\/uploads\/2021\/08\/CQI-certificate-Fine-Robusta-Anaerobic-Natural-The-Coffee-Farmer.png\" alt=\"The board reviews the quality of Fine Robusta certified by CQI\" width=\"571\" height=\"400\" srcset=\"https:\/\/thecoffeefarmer.com\/wp-content\/uploads\/2021\/08\/CQI-certificate-Fine-Robusta-Anaerobic-Natural-The-Coffee-Farmer.png 571w, https:\/\/thecoffeefarmer.com\/wp-content\/uploads\/2021\/08\/CQI-certificate-Fine-Robusta-Anaerobic-Natural-The-Coffee-Farmer-18x12.png 18w, https:\/\/thecoffeefarmer.com\/wp-content\/uploads\/2021\/08\/CQI-certificate-Fine-Robusta-Anaerobic-Natural-The-Coffee-Farmer-510x357.png 510w\" sizes=\"(max-width: 571px) 100vw, 571px\" \/><\/a><figcaption id=\"caption-attachment-1671\" class=\"wp-caption-text\">The board reviews the quality of Fine Robusta certified by CQI<\/figcaption><\/figure>\n<p>Detailed information about the certificate of quality, characteristic taste, please visit <a href=\"https:\/\/database.coffeeinstitute.org\/coffee\/697065\" target=\"_blank\" rel=\"noopener\">at this<\/a><\/p>\n<h2><strong>Video processing coffee Fine Robusta \u2013 Anaerobic Natural<\/strong><\/h2>\n<p><iframe loading=\"lazy\" title=\"FINE ROBUSTA NATURAL COFFEE PROCESSING - ANAEROBIC FERMENTATION WITH YEAST | THE COFFEE FARMER\" width=\"1020\" height=\"574\" src=\"https:\/\/www.youtube.com\/embed\/SJFDLvk8Rbk?feature=oembed\" frameborder=\"0\" allow=\"accelerometer; autoplay; clipboard-write; encrypted-media; gyroscope; picture-in-picture; web-share\" allowfullscreen><\/iframe><\/p>\n<h2><strong>Contact us for ordering products:<\/strong><\/h2>\n<figure id=\"attachment_1752\" aria-describedby=\"caption-attachment-1752\" style=\"width: 600px\" class=\"wp-caption aligncenter\"><a href=\"https:\/\/thecoffeefarmer.com\/wp-content\/uploads\/2021\/08\/Fine-Robusta-Anaerobic-Natural-9-1.jpg\"><img decoding=\"async\" loading=\"lazy\" class=\"size-full wp-image-1752\" src=\"https:\/\/thecoffeefarmer.com\/wp-content\/uploads\/2021\/08\/Fine-Robusta-Anaerobic-Natural-9-1.jpg\" alt=\"Fine Robusta - Anaerobic Natural (9) - H\u00ecnh \u1ea3nh th\u1ef1c t\u1ebf\" width=\"600\" height=\"338\" srcset=\"https:\/\/thecoffeefarmer.com\/wp-content\/uploads\/2021\/08\/Fine-Robusta-Anaerobic-Natural-9-1.jpg 600w, https:\/\/thecoffeefarmer.com\/wp-content\/uploads\/2021\/08\/Fine-Robusta-Anaerobic-Natural-9-1-18x10.jpg 18w, https:\/\/thecoffeefarmer.com\/wp-content\/uploads\/2021\/08\/Fine-Robusta-Anaerobic-Natural-9-1-510x287.jpg 510w\" sizes=\"(max-width: 600px) 100vw, 600px\" \/><\/a><figcaption id=\"caption-attachment-1752\" class=\"wp-caption-text\">Fine Robusta &#8211; Anaerobic Natural (9) &#8211; H\u00ecnh \u1ea3nh th\u1ef1c t\u1ebf<\/figcaption><\/figure>\n<p>C\u00e0 ph\u00ea nh\u00e2n xanh v\u1ee5 m\u00f9a 2022-2023 \u0111\u00e3 s\u1eb5n s\u00e0ng! Nh\u00e0 rang xay v\u00e0 xu\u1ea5t kh\u1ea9u c\u00f3 nhu c\u1ea7u t\u00ecm ki\u1ebfm cho x\u01b0\u1edfng rang c\u1ee7a m\u00ecnh nh\u1eefng d\u00f2ng c\u00e0 ph\u00ea nguy\u00ean li\u1ec7u nh\u00e2n xanh ch\u1ea5t l\u01b0\u1ee3ng cao c\u00f3 th\u1ec3 li\u00ean h\u1ec7\u00a0hotline\u00a0<strong>0901 382 247 (Kaldi)<\/strong>\u00a0\u0111\u1ec3 \u0111\u01b0\u1ee3c t\u01b0 v\u1ea5n tr\u1ef1c ti\u1ebfp ho\u1eb7c \u0111i\u1ec1n th\u00f4ng tin qua\u00a0<a href=\"https:\/\/thecoffeefarmer.com\/en\/contact-us\/\">bi\u1ec3u m\u1eabu<\/a>\u00a0n\u00e0y. Ch\u00fang t\u00f4i s\u1ebd li\u00ean h\u1ec7 l\u1ea1i v\u00e0 s\u1eb5n s\u00e0ng h\u1ed7 tr\u1ee3 g\u1eedi h\u00e0ng m\u1eabu\u00a0<strong>mi\u1ec5n ph\u00ed<\/strong>\u00a0ngay cho b\u1ea1n.<\/p>","protected":false},"excerpt":{"rendered":"<p><strong>Coffee Fine Robusta \u2013 Anaerobic Natural<\/strong> be processed according to the method of natural anaerobic will surprise you right from the first taste, the first by fruit flavor naturally bright, charming as blueberries, jackfruit cooked, passion fruit ... come with floral abundance. This is a great choice for innovative products bring the country of origin only from Robusta Vietnam in the category of your product.<\/p>","protected":false},"featured_media":1634,"comment_status":"open","ping_status":"closed","template":"","meta":[],"product_cat":[127],"product_tag":[145],"_links":{"self":[{"href":"https:\/\/thecoffeefarmer.com\/en\/wp-json\/wp\/v2\/product\/1301"}],"collection":[{"href":"https:\/\/thecoffeefarmer.com\/en\/wp-json\/wp\/v2\/product"}],"about":[{"href":"https:\/\/thecoffeefarmer.com\/en\/wp-json\/wp\/v2\/types\/product"}],"replies":[{"embeddable":true,"href":"https:\/\/thecoffeefarmer.com\/en\/wp-json\/wp\/v2\/comments?post=1301"}],"wp:featuredmedia":[{"embeddable":true,"href":"https:\/\/thecoffeefarmer.com\/en\/wp-json\/wp\/v2\/media\/1634"}],"wp:attachment":[{"href":"https:\/\/thecoffeefarmer.com\/en\/wp-json\/wp\/v2\/media?parent=1301"}],"wp:term":[{"taxonomy":"product_cat","embeddable":true,"href":"https:\/\/thecoffeefarmer.com\/en\/wp-json\/wp\/v2\/product_cat?post=1301"},{"taxonomy":"product_tag","embeddable":true,"href":"https:\/\/thecoffeefarmer.com\/en\/wp-json\/wp\/v2\/product_tag?post=1301"}],"curies":[{"name":"wp","href":"https:\/\/api.w.org\/{rel}","templated":true}]}}