{"id":1314,"date":"2021-08-18T20:32:03","date_gmt":"2021-08-18T13:32:03","guid":{"rendered":"https:\/\/thecoffeefarmer.com\/?page_id=1314"},"modified":"2025-05-09T10:57:12","modified_gmt":"2025-05-09T03:57:12","slug":"vung-nguyen-lieu","status":"publish","type":"page","link":"https:\/\/thecoffeefarmer.com\/en\/the-raw-material\/","title":{"rendered":"The raw material"},"content":{"rendered":"<section class=\"section\" id=\"section_1180555504\">\n\t\t<div class=\"bg section-bg fill bg-fill  bg-loaded\" >\n\n\t\t\t\n\t\t\t<div class=\"section-bg-overlay absolute fill\"><\/div>\n\t\t\t\n\n\t\t<\/div>\n\n\t\t<div class=\"section-content relative\">\n\t\t\t\n<div class=\"row row-large align-middle\"  id=\"row-416726912\">\n\n\t<div id=\"col-1988467886\" class=\"col medium-6 small-12 large-6\"  >\n\t\t\t\t<div class=\"col-inner text-left\"  >\n\t\t\t\n\t\t\t\n<h2>THE COFFEE FARMER \u2013 BAO LOC<\/h2>\n<p>Located right in the materials area, the largest country, is now The Coffee Farmer \u2013 Bao Loc gathering is over 05 farmers member with a total area of 20 hectares of robusta coffee Robusta. In this application the method of processing natural, honey, for the school annual 10 tons of high quality coffee..<br \/>\n\t<div id=\"gap-1424712638\" class=\"gap-element clearfix\" style=\"display:block; height:auto;\">\n\t\t\n<style>\n#gap-1424712638 {\n  padding-top: 10px;\n}\n<\/style>\n\t<\/div>\n\t\n<a href=\"https:\/\/thecoffeefarmer.com\/en\/contact-us\/\" target=\"_self\" class=\"button primary\"  style=\"border-radius:21px;\">\n    <span>CONTACT VISIT DIRECTLY<\/span>\n  <\/a>\n\n\t\t<\/div>\n\t\t\t\t\t<\/div>\n\n\t\n\n\t<div id=\"col-259438272\" class=\"col medium-6 small-12 large-6\"  >\n\t\t\t\t<div class=\"col-inner\"  >\n\t\t\t\n\t\t\t\n\t<div class=\"img has-hover x md-x lg-x y md-y lg-y\" id=\"image_481977322\">\n\t\t\t\t\t\t\t\t<div class=\"img-inner dark\" >\n\t\t\t<img width=\"600\" height=\"345\" src=\"https:\/\/thecoffeefarmer.com\/wp-content\/uploads\/2021\/08\/nong-trai-ca-phe-dac-san.jpg\" class=\"attachment-large size-large\" alt=\"The raw coffee The Coffee Farmer\" decoding=\"async\" loading=\"lazy\" srcset=\"https:\/\/thecoffeefarmer.com\/wp-content\/uploads\/2021\/08\/nong-trai-ca-phe-dac-san.jpg 600w, https:\/\/thecoffeefarmer.com\/wp-content\/uploads\/2021\/08\/nong-trai-ca-phe-dac-san-510x293.jpg 510w\" sizes=\"(max-width: 600px) 100vw, 600px\" \/>\t\t\t\t\t\t\n\t\t\t\t\t<\/div>\n\t\t\t\t\t\t\t\t\n<style>\n#image_481977322 {\n  width: 100%;\n}\n<\/style>\n\t<\/div>\n\t\n\t\t<\/div>\n\t\t\t\t\t<\/div>\n\n\t\n<\/div>\n<div class=\"row\"  id=\"row-682492205\">\n\n\t<div id=\"col-180715422\" class=\"col medium-3 small-12 large-3\"  >\n\t\t\t\t<div class=\"col-inner\"  >\n\t\t\t\n\t\t\t\n    <div class=\"box has-hover has-hover box-text-bottom\" >\n\n                  <div class=\"box-image\" style=\"width:80%;\">\n           <div class=\"box-image-inner image-cover\" style=\"border-radius:100%;padding-top:100%;\">\n              <img width=\"400\" height=\"400\" src=\"https:\/\/thecoffeefarmer.com\/wp-content\/uploads\/2021\/08\/LIEN_KET_THANH_VIEN_THE_COFFEE_FARMER-removebg-preview.png\" class=\"attachment- size-\" alt=\"\" decoding=\"async\" loading=\"lazy\" srcset=\"https:\/\/thecoffeefarmer.com\/wp-content\/uploads\/2021\/08\/LIEN_KET_THANH_VIEN_THE_COFFEE_FARMER-removebg-preview.png 400w, https:\/\/thecoffeefarmer.com\/wp-content\/uploads\/2021\/08\/LIEN_KET_THANH_VIEN_THE_COFFEE_FARMER-removebg-preview-280x280.png 280w, https:\/\/thecoffeefarmer.com\/wp-content\/uploads\/2021\/08\/LIEN_KET_THANH_VIEN_THE_COFFEE_FARMER-removebg-preview-100x100.png 100w\" sizes=\"(max-width: 400px) 100vw, 400px\" \/>                         <\/div>\n          <\/div>\n         \n          <div class=\"box-text text-center\" >\n                <div class=\"box-text-inner\">\n                  <h4 class=\"uppercase\">\n                    <span class=\"person-name\">MEMBERS<\/span><br\/>\n                    <span class=\"person-title is-small thin-font op-7\">\n                      05 FARMERS                    <\/span>\n                  <\/h4>\n                                  \n<p>Link and companion<\/p>\n                <\/div>\n          <\/div>\n    <\/div>\n\n    \n    \n\t\t<\/div>\n\t\t\t\t\t<\/div>\n\n\t\n\n\t<div id=\"col-369862513\" class=\"col medium-3 small-12 large-3\"  >\n\t\t\t\t<div class=\"col-inner\"  >\n\t\t\t\n\t\t\t\n    <div class=\"box has-hover has-hover box-text-bottom\" >\n\n                  <div class=\"box-image\" style=\"width:80%;\">\n           <div class=\"box-image-inner image-cover\" style=\"border-radius:100%;padding-top:100%;\">\n              <img width=\"400\" height=\"400\" src=\"https:\/\/thecoffeefarmer.com\/wp-content\/uploads\/2021\/08\/GIONG_CA_PHE_THE_COFFEE_FARMER-removebg-preview.png\" class=\"attachment- size-\" alt=\"\" decoding=\"async\" loading=\"lazy\" srcset=\"https:\/\/thecoffeefarmer.com\/wp-content\/uploads\/2021\/08\/GIONG_CA_PHE_THE_COFFEE_FARMER-removebg-preview.png 400w, https:\/\/thecoffeefarmer.com\/wp-content\/uploads\/2021\/08\/GIONG_CA_PHE_THE_COFFEE_FARMER-removebg-preview-280x280.png 280w, https:\/\/thecoffeefarmer.com\/wp-content\/uploads\/2021\/08\/GIONG_CA_PHE_THE_COFFEE_FARMER-removebg-preview-100x100.png 100w\" sizes=\"(max-width: 400px) 100vw, 400px\" \/>                         <\/div>\n          <\/div>\n         \n          <div class=\"box-text text-center\" >\n                <div class=\"box-text-inner\">\n                  <h4 class=\"uppercase\">\n                    <span class=\"person-name\">VARIETAL<\/span><br\/>\n                    <span class=\"person-title is-small thin-font op-7\">\n                      ROBUSTA                    <\/span>\n                  <\/h4>\n                                  \n<p>Purebred and 138<\/p>\n                <\/div>\n          <\/div>\n    <\/div>\n\n    \n    \n\t\t<\/div>\n\t\t\t\t\t<\/div>\n\n\t\n\n\t<div id=\"col-584271353\" class=\"col medium-3 small-12 large-3\"  >\n\t\t\t\t<div class=\"col-inner\"  >\n\t\t\t\n\t\t\t\n    <div class=\"box has-hover has-hover box-text-bottom\" >\n\n                  <div class=\"box-image\" style=\"width:80%;\">\n           <div class=\"box-image-inner image-cover\" style=\"border-radius:100%;padding-top:100%;\">\n              <img width=\"400\" height=\"400\" src=\"https:\/\/thecoffeefarmer.com\/wp-content\/uploads\/2021\/08\/DO_CAO_THE_COFFEE_FARMER-removebg-preview.png\" class=\"attachment- size-\" alt=\"\" decoding=\"async\" loading=\"lazy\" srcset=\"https:\/\/thecoffeefarmer.com\/wp-content\/uploads\/2021\/08\/DO_CAO_THE_COFFEE_FARMER-removebg-preview.png 400w, https:\/\/thecoffeefarmer.com\/wp-content\/uploads\/2021\/08\/DO_CAO_THE_COFFEE_FARMER-removebg-preview-280x280.png 280w, https:\/\/thecoffeefarmer.com\/wp-content\/uploads\/2021\/08\/DO_CAO_THE_COFFEE_FARMER-removebg-preview-100x100.png 100w\" sizes=\"(max-width: 400px) 100vw, 400px\" \/>                         <\/div>\n          <\/div>\n         \n          <div class=\"box-text text-center\" >\n                <div class=\"box-text-inner\">\n                  <h4 class=\"uppercase\">\n                    <span class=\"person-name\">ELEVATION<\/span><br\/>\n                    <span class=\"person-title is-small thin-font op-7\">\n                      850 - 1000M                    <\/span>\n                  <\/h4>\n                                  \n<p>Compared to the sea water<\/p>\n                <\/div>\n          <\/div>\n    <\/div>\n\n    \n    \n\t\t<\/div>\n\t\t\t\t\t<\/div>\n\n\t\n\n\t<div id=\"col-168509954\" class=\"col medium-3 small-12 large-3\"  >\n\t\t\t\t<div class=\"col-inner\"  >\n\t\t\t\n\t\t\t\n    <div class=\"box has-hover has-hover box-text-bottom\" >\n\n                  <div class=\"box-image\" style=\"width:80%;\">\n           <div class=\"box-image-inner image-cover\" style=\"border-radius:100%;padding-top:100%;\">\n              <img width=\"400\" height=\"400\" src=\"https:\/\/thecoffeefarmer.com\/wp-content\/uploads\/2021\/08\/SAN_LUONG_THANH_VIEN_THE_COFFEE_FARMER-removebg-preview.png\" class=\"attachment- size-\" alt=\"\" decoding=\"async\" loading=\"lazy\" srcset=\"https:\/\/thecoffeefarmer.com\/wp-content\/uploads\/2021\/08\/SAN_LUONG_THANH_VIEN_THE_COFFEE_FARMER-removebg-preview.png 400w, https:\/\/thecoffeefarmer.com\/wp-content\/uploads\/2021\/08\/SAN_LUONG_THANH_VIEN_THE_COFFEE_FARMER-removebg-preview-280x280.png 280w, https:\/\/thecoffeefarmer.com\/wp-content\/uploads\/2021\/08\/SAN_LUONG_THANH_VIEN_THE_COFFEE_FARMER-removebg-preview-100x100.png 100w\" sizes=\"(max-width: 400px) 100vw, 400px\" \/>                         <\/div>\n          <\/div>\n         \n          <div class=\"box-text text-center\" >\n                <div class=\"box-text-inner\">\n                  <h4 class=\"uppercase\">\n                    <span class=\"person-name\">OUTPUT<\/span><br\/>\n                    <span class=\"person-title is-small thin-font op-7\">\n                      10 TONS\/YEAR                    <\/span>\n                  <\/h4>\n                                  \n<p>Crop year 2021 \u2013 2022<\/p>\n                <\/div>\n          <\/div>\n    <\/div>\n\n    \n    \n\t\t<\/div>\n\t\t\t\t\t<\/div>\n\n\t\n<\/div>\n\t\t<\/div>\n\n\t\t\n<style>\n#section_1180555504 {\n  padding-top: 60px;\n  padding-bottom: 60px;\n  background-color: rgb(193, 193, 193);\n}\n#section_1180555504 .section-bg-overlay {\n  background-color: rgba(255, 255, 255, 0.85);\n}\n<\/style>\n\t<\/section>\n\t\n\t<section class=\"section\" id=\"section_1819083458\">\n\t\t<div class=\"bg section-bg fill bg-fill  bg-loaded\" >\n\n\t\t\t\n\t\t\t<div class=\"section-bg-overlay absolute fill\"><\/div>\n\t\t\t\n\n\t\t<\/div>\n\n\t\t<div class=\"section-content relative\">\n\t\t\t\n<div class=\"row row-large align-middle\"  id=\"row-184459824\">\n\n\t<div id=\"col-622115044\" class=\"col medium-6 small-12 large-6\"  >\n\t\t\t\t<div class=\"col-inner\"  >\n\t\t\t\n\t\t\t\n\t<div class=\"img has-hover x md-x lg-x y md-y lg-y\" id=\"image_613665175\">\n\t\t\t\t\t\t\t\t<div class=\"img-inner dark\" >\n\t\t\t<img width=\"600\" height=\"337\" src=\"https:\/\/thecoffeefarmer.com\/wp-content\/uploads\/2025\/05\/The-Coffee-Farmer-Mien-Cao-Nguyen-Agricultural-Cooperative.jpg\" class=\"attachment-large size-large\" alt=\"The Coffee Farmer - Mien Cao Nguyen Agricultural Cooperative\" decoding=\"async\" loading=\"lazy\" srcset=\"https:\/\/thecoffeefarmer.com\/wp-content\/uploads\/2025\/05\/The-Coffee-Farmer-Mien-Cao-Nguyen-Agricultural-Cooperative.jpg 600w, https:\/\/thecoffeefarmer.com\/wp-content\/uploads\/2025\/05\/The-Coffee-Farmer-Mien-Cao-Nguyen-Agricultural-Cooperative-18x10.jpg 18w, https:\/\/thecoffeefarmer.com\/wp-content\/uploads\/2025\/05\/The-Coffee-Farmer-Mien-Cao-Nguyen-Agricultural-Cooperative-510x286.jpg 510w\" sizes=\"(max-width: 600px) 100vw, 600px\" \/>\t\t\t\t\t\t\n\t\t\t\t\t<\/div>\n\t\t\t\t\t\t\t\t\n<style>\n#image_613665175 {\n  width: 100%;\n}\n<\/style>\n\t<\/div>\n\t\n\t\t<\/div>\n\t\t\t\t\t<\/div>\n\n\t\n\n\t<div id=\"col-1367489952\" class=\"col medium-6 small-12 large-6\"  >\n\t\t\t\t<div class=\"col-inner text-left\"  >\n\t\t\t\n\t\t\t\n<h2>THE COFFEE FARMER &#8211; B\u1ea2O L\u00c2M<\/h2>\n<p>Li\u00ean minh n\u00f4ng d\u00e2n s\u1ea3n xu\u1ea5t c\u00e0 ph\u00ea ch\u1ea5t l\u01b0\u1ee3ng cao The Coffee Farmer &#8211; B\u1ea3o L\u00e2m \u0111\u01b0\u1ee3c th\u00e0nh l\u1eadp n\u0103m 2023 quy t\u1ee5 \u0111\u01b0\u1ee3c 20 n\u00f4ng h\u1ed9 l\u00e0m th\u00e0nh vi\u00ean c\u1ee7a Li\u00ean minh v\u1edbi t\u1ed5ng di\u1ec7n t\u00edch v\u00f9ng nguy\u00ean li\u1ec7u l\u00e0 50 hecta, cung \u1ee9ng ra th\u1ecb tr\u01b0\u1eddng h\u1eb1ng n\u0103m 50 t\u1ea5n c\u00e0 ph\u00ea nh\u00e2n nguy\u00ean li\u1ec7u ch\u1ea5t l\u01b0\u1ee3ng v\u1edbi c\u00e1c d\u00f2ng s\u1ea3n ph\u1ea9m \u0111\u1eb7c tr\u01b0ng Robusta theo ph\u01b0\u01a1ng ph\u00e1p ch\u1ebf bi\u1ebfn m\u1eadt ong honey v\u00e0 t\u1ef1 nhi\u00ean natural, \u0111\u00e1p \u1ee9ng nhu c\u1ea7u rang xay trong n\u01b0\u1edbc v\u00e0 qu\u1ed1c t\u1ebf<br \/>\n\t<div id=\"gap-572494034\" class=\"gap-element clearfix\" style=\"display:block; height:auto;\">\n\t\t\n<style>\n#gap-572494034 {\n  padding-top: 10px;\n}\n<\/style>\n\t<\/div>\n\t\n<a href=\"https:\/\/thecoffeefarmer.com\/en\/coffee-processing\/\" target=\"_self\" class=\"button primary\"  style=\"border-radius:21px;\">\n    <span>LEARN THE PROCESS OF PROCESSING<\/span>\n  <\/a>\n\n\t\t<\/div>\n\t\t\t\t\t<\/div>\n\n\t\n<\/div>\n<div class=\"row\"  id=\"row-1537485290\">\n\n\t<div id=\"col-433723543\" class=\"col medium-3 small-12 large-3\"  >\n\t\t\t\t<div class=\"col-inner\"  >\n\t\t\t\n\t\t\t\n    <div class=\"box has-hover has-hover box-text-bottom\" >\n\n                  <div class=\"box-image\" style=\"width:80%;\">\n           <div class=\"box-image-inner image-cover\" style=\"border-radius:100%;padding-top:100%;\">\n              <img width=\"400\" height=\"400\" src=\"https:\/\/thecoffeefarmer.com\/wp-content\/uploads\/2021\/08\/LIEN_KET_THANH_VIEN_THE_COFFEE_FARMER-removebg-preview.png\" class=\"attachment- size-\" alt=\"\" decoding=\"async\" loading=\"lazy\" srcset=\"https:\/\/thecoffeefarmer.com\/wp-content\/uploads\/2021\/08\/LIEN_KET_THANH_VIEN_THE_COFFEE_FARMER-removebg-preview.png 400w, https:\/\/thecoffeefarmer.com\/wp-content\/uploads\/2021\/08\/LIEN_KET_THANH_VIEN_THE_COFFEE_FARMER-removebg-preview-280x280.png 280w, https:\/\/thecoffeefarmer.com\/wp-content\/uploads\/2021\/08\/LIEN_KET_THANH_VIEN_THE_COFFEE_FARMER-removebg-preview-100x100.png 100w\" sizes=\"(max-width: 400px) 100vw, 400px\" \/>                         <\/div>\n          <\/div>\n         \n          <div class=\"box-text text-center\" >\n                <div class=\"box-text-inner\">\n                  <h4 class=\"uppercase\">\n                    <span class=\"person-name\">MEMBERS<\/span><br\/>\n                    <span class=\"person-title is-small thin-font op-7\">\n                      20 FARMERS                    <\/span>\n                  <\/h4>\n                                  \n<p>Link and companion<\/p>\n                <\/div>\n          <\/div>\n    <\/div>\n\n    \n    \n\t\t<\/div>\n\t\t\t\t\t<\/div>\n\n\t\n\n\t<div id=\"col-1033256672\" class=\"col medium-3 small-12 large-3\"  >\n\t\t\t\t<div class=\"col-inner\"  >\n\t\t\t\n\t\t\t\n    <div class=\"box has-hover has-hover box-text-bottom\" >\n\n                  <div class=\"box-image\" style=\"width:80%;\">\n           <div class=\"box-image-inner image-cover\" style=\"border-radius:100%;padding-top:100%;\">\n              <img width=\"400\" height=\"400\" src=\"https:\/\/thecoffeefarmer.com\/wp-content\/uploads\/2021\/08\/GIONG_CA_PHE_THE_COFFEE_FARMER-removebg-preview.png\" class=\"attachment- size-\" alt=\"\" decoding=\"async\" loading=\"lazy\" srcset=\"https:\/\/thecoffeefarmer.com\/wp-content\/uploads\/2021\/08\/GIONG_CA_PHE_THE_COFFEE_FARMER-removebg-preview.png 400w, https:\/\/thecoffeefarmer.com\/wp-content\/uploads\/2021\/08\/GIONG_CA_PHE_THE_COFFEE_FARMER-removebg-preview-280x280.png 280w, https:\/\/thecoffeefarmer.com\/wp-content\/uploads\/2021\/08\/GIONG_CA_PHE_THE_COFFEE_FARMER-removebg-preview-100x100.png 100w\" sizes=\"(max-width: 400px) 100vw, 400px\" \/>                         <\/div>\n          <\/div>\n         \n          <div class=\"box-text text-center\" >\n                <div class=\"box-text-inner\">\n                  <h4 class=\"uppercase\">\n                    <span class=\"person-name\">VARIETAL<\/span><br\/>\n                    <span class=\"person-title is-small thin-font op-7\">\n                      ROBUSTA                    <\/span>\n                  <\/h4>\n                                  \n<p>Thu\u1ea7n ch\u1ee7ng v\u00e0 Thi\u00ean Ph\u00fac (\u0111\u1ed9c quy\u1ec1n t\u1eeb farm)<\/p>\n                <\/div>\n          <\/div>\n    <\/div>\n\n    \n    \n\t\t<\/div>\n\t\t\t\t\t<\/div>\n\n\t\n\n\t<div id=\"col-1369086750\" class=\"col medium-3 small-12 large-3\"  >\n\t\t\t\t<div class=\"col-inner\"  >\n\t\t\t\n\t\t\t\n    <div class=\"box has-hover has-hover box-text-bottom\" >\n\n                  <div class=\"box-image\" style=\"width:80%;\">\n           <div class=\"box-image-inner image-cover\" style=\"border-radius:100%;padding-top:100%;\">\n              <img width=\"400\" height=\"400\" src=\"https:\/\/thecoffeefarmer.com\/wp-content\/uploads\/2021\/08\/DO_CAO_THE_COFFEE_FARMER-removebg-preview.png\" class=\"attachment- size-\" alt=\"\" decoding=\"async\" loading=\"lazy\" srcset=\"https:\/\/thecoffeefarmer.com\/wp-content\/uploads\/2021\/08\/DO_CAO_THE_COFFEE_FARMER-removebg-preview.png 400w, https:\/\/thecoffeefarmer.com\/wp-content\/uploads\/2021\/08\/DO_CAO_THE_COFFEE_FARMER-removebg-preview-280x280.png 280w, https:\/\/thecoffeefarmer.com\/wp-content\/uploads\/2021\/08\/DO_CAO_THE_COFFEE_FARMER-removebg-preview-100x100.png 100w\" sizes=\"(max-width: 400px) 100vw, 400px\" \/>                         <\/div>\n          <\/div>\n         \n          <div class=\"box-text text-center\" >\n                <div class=\"box-text-inner\">\n                  <h4 class=\"uppercase\">\n                    <span class=\"person-name\">ELEVATION<\/span><br\/>\n                    <span class=\"person-title is-small thin-font op-7\">\n                      850 - 1000M                    <\/span>\n                  <\/h4>\n                                  \n<p>Compared to the sea water<\/p>\n                <\/div>\n          <\/div>\n    <\/div>\n\n    \n    \n\t\t<\/div>\n\t\t\t\t\t<\/div>\n\n\t\n\n\t<div id=\"col-1865072087\" class=\"col medium-3 small-12 large-3\"  >\n\t\t\t\t<div class=\"col-inner\"  >\n\t\t\t\n\t\t\t\n    <div class=\"box has-hover has-hover box-text-bottom\" >\n\n                  <div class=\"box-image\" style=\"width:80%;\">\n           <div class=\"box-image-inner image-cover\" style=\"border-radius:100%;padding-top:100%;\">\n              <img width=\"400\" height=\"400\" src=\"https:\/\/thecoffeefarmer.com\/wp-content\/uploads\/2021\/08\/SAN_LUONG_THANH_VIEN_THE_COFFEE_FARMER-removebg-preview.png\" class=\"attachment- size-\" alt=\"\" decoding=\"async\" loading=\"lazy\" srcset=\"https:\/\/thecoffeefarmer.com\/wp-content\/uploads\/2021\/08\/SAN_LUONG_THANH_VIEN_THE_COFFEE_FARMER-removebg-preview.png 400w, https:\/\/thecoffeefarmer.com\/wp-content\/uploads\/2021\/08\/SAN_LUONG_THANH_VIEN_THE_COFFEE_FARMER-removebg-preview-280x280.png 280w, https:\/\/thecoffeefarmer.com\/wp-content\/uploads\/2021\/08\/SAN_LUONG_THANH_VIEN_THE_COFFEE_FARMER-removebg-preview-100x100.png 100w\" sizes=\"(max-width: 400px) 100vw, 400px\" \/>                         <\/div>\n          <\/div>\n         \n          <div class=\"box-text text-center\" >\n                <div class=\"box-text-inner\">\n                  <h4 class=\"uppercase\">\n                    <span class=\"person-name\">OUTPUT<\/span><br\/>\n                    <span class=\"person-title is-small thin-font op-7\">\n                      50 TONS\/YEAR                    <\/span>\n                  <\/h4>\n                                  \n<p>Ni\u00ean v\u1ee5 2023 &#8211; 2024<\/p>\n                <\/div>\n          <\/div>\n    <\/div>\n\n    \n    \n\t\t<\/div>\n\t\t\t\t\t<\/div>\n\n\t\n<\/div>\n\t\t<\/div>\n\n\t\t\n<style>\n#section_1819083458 {\n  padding-top: 60px;\n  padding-bottom: 60px;\n  background-color: rgb(193, 193, 193);\n}\n#section_1819083458 .section-bg-overlay {\n  background-color: rgba(255, 255, 255, 0.85);\n}\n<\/style>\n\t<\/section>","protected":false},"excerpt":{"rendered":"","protected":false},"author":4,"featured_media":1355,"parent":0,"menu_order":0,"comment_status":"closed","ping_status":"closed","template":"","meta":[],"_links":{"self":[{"href":"https:\/\/thecoffeefarmer.com\/en\/wp-json\/wp\/v2\/pages\/1314"}],"collection":[{"href":"https:\/\/thecoffeefarmer.com\/en\/wp-json\/wp\/v2\/pages"}],"about":[{"href":"https:\/\/thecoffeefarmer.com\/en\/wp-json\/wp\/v2\/types\/page"}],"author":[{"embeddable":true,"href":"https:\/\/thecoffeefarmer.com\/en\/wp-json\/wp\/v2\/users\/4"}],"replies":[{"embeddable":true,"href":"https:\/\/thecoffeefarmer.com\/en\/wp-json\/wp\/v2\/comments?post=1314"}],"version-history":[{"count":0,"href":"https:\/\/thecoffeefarmer.com\/en\/wp-json\/wp\/v2\/pages\/1314\/revisions"}],"wp:featuredmedia":[{"embeddable":true,"href":"https:\/\/thecoffeefarmer.com\/en\/wp-json\/wp\/v2\/media\/1355"}],"wp:attachment":[{"href":"https:\/\/thecoffeefarmer.com\/en\/wp-json\/wp\/v2\/media?parent=1314"}],"curies":[{"name":"wp","href":"https:\/\/api.w.org\/{rel}","templated":true}]}}