{"id":1312,"date":"2021-08-18T20:31:11","date_gmt":"2021-08-18T13:31:11","guid":{"rendered":"https:\/\/thecoffeefarmer.com\/?page_id=1312"},"modified":"2021-12-26T23:49:31","modified_gmt":"2021-12-26T16:49:31","slug":"quy-trinh-che-bien-ca-phe","status":"publish","type":"page","link":"https:\/\/thecoffeefarmer.com\/en\/coffee-processing\/","title":{"rendered":"Coffee processing"},"content":{"rendered":"<section class=\"section\" id=\"section_1729216589\">\n\t\t<div class=\"bg section-bg fill bg-fill  bg-loaded\" >\n\n\t\t\t\n\t\t\t<div class=\"section-bg-overlay absolute fill\"><\/div>\n\t\t\t\n\n\t\t<\/div>\n\n\t\t<div class=\"section-content relative\">\n\t\t\t\n<div class=\"row row-collapse row-full-width align-middle\"  id=\"row-1219945971\">\n\n\t<div id=\"col-1055749140\" class=\"col medium-6 small-12 large-6\"  >\n\t\t\t\t<div class=\"col-inner\"  >\n\t\t\t\n\t\t\t\n\t<div class=\"img has-hover x md-x lg-x y md-y lg-y\" id=\"image_1689199168\">\n\t\t\t\t\t\t\t\t<div class=\"img-inner dark\" >\n\t\t\t<img width=\"600\" height=\"338\" src=\"https:\/\/thecoffeefarmer.com\/wp-content\/uploads\/2021\/08\/THE-COFFEE-FARMER-QUY-TRINH-CHE-BIEN.jpg\" class=\"attachment-large size-large\" alt=\"Coffee processing\" decoding=\"async\" loading=\"lazy\" srcset=\"https:\/\/thecoffeefarmer.com\/wp-content\/uploads\/2021\/08\/THE-COFFEE-FARMER-QUY-TRINH-CHE-BIEN.jpg 600w, https:\/\/thecoffeefarmer.com\/wp-content\/uploads\/2021\/08\/THE-COFFEE-FARMER-QUY-TRINH-CHE-BIEN-510x287.jpg 510w\" sizes=\"(max-width: 600px) 100vw, 600px\" \/>\t\t\t\t\t\t\n\t\t\t\t\t<\/div>\n\t\t\t\t\t\t\t\t\n<style>\n#image_1689199168 {\n  width: 100%;\n}\n<\/style>\n\t<\/div>\n\t\n\t\t<\/div>\n\t\t\t\t\t<\/div>\n\n\t\n\n\t<div id=\"col-1615652879\" class=\"col medium-6 small-12 large-6\"  >\n\t\t\t\t<div class=\"col-inner text-center\" style=\"max-width:520px;\" >\n\t\t\t\n\t\t\t\n<h2>PROCESSING HIGH QUALITY COFFEE<\/h2>\n<p>Overview of processing high quality coffee be applied synchronized on all products affiliated membership in the union The Coffee Farmer.<br \/>\n\t<div id=\"gap-1737817373\" class=\"gap-element clearfix\" style=\"display:block; height:auto;\">\n\t\t\n<style>\n#gap-1737817373 {\n  padding-top: 10px;\n}\n<\/style>\n\t<\/div>\n\t\n<a href=\"https:\/\/thecoffeefarmer.com\/en\/ca-phe-nhan-xanh\/\" target=\"_self\" class=\"button primary\"  >\n    <span>EXPLORE THE PRODUCT LINE<\/span>\n  <\/a>\n\n\t\t<\/div>\n\t\t\t\t\n<style>\n#col-1615652879 > .col-inner {\n  padding: 10% 10% 10% 10%;\n}\n<\/style>\n\t<\/div>\n\n\t\n<\/div>\n\t\t<\/div>\n\n\t\t\n<style>\n#section_1729216589 {\n  padding-top: 0px;\n  padding-bottom: 0px;\n  background-color: rgb(247, 247, 247);\n}\n#section_1729216589 .section-bg-overlay {\n  background-color: rgba(255, 255, 255, 0.85);\n}\n<\/style>\n\t<\/section>\n\t\n\t<section class=\"section\" id=\"section_206855310\">\n\t\t<div class=\"bg section-bg fill bg-fill  bg-loaded\" >\n\n\t\t\t\n\t\t\t\n\t\t\t\n\n\t\t<\/div>\n\n\t\t<div class=\"section-content relative\">\n\t\t\t\n<div class=\"row\"  id=\"row-1808878731\">\n\n\t<div id=\"col-171404698\" class=\"col medium-4 small-12 large-4\"  >\n\t\t\t\t<div class=\"col-inner\"  >\n\t\t\t\n\t\t\t\n\t<div class=\"box has-hover   has-hover box-text-bottom\" >\n\n\t\t<div class=\"box-image\" >\n\t\t\t\t\t\t<div class=\"\" >\n\t\t\t\t<img width=\"600\" height=\"345\" src=\"https:\/\/thecoffeefarmer.com\/wp-content\/uploads\/2021\/08\/nong-trai-ca-phe-dac-san.jpg\" class=\"attachment- size-\" alt=\"The raw coffee The Coffee Farmer\" decoding=\"async\" loading=\"lazy\" srcset=\"https:\/\/thecoffeefarmer.com\/wp-content\/uploads\/2021\/08\/nong-trai-ca-phe-dac-san.jpg 600w, https:\/\/thecoffeefarmer.com\/wp-content\/uploads\/2021\/08\/nong-trai-ca-phe-dac-san-510x293.jpg 510w\" sizes=\"(max-width: 600px) 100vw, 600px\" \/>\t\t\t\t\t\t\t\t\t\t\t<\/div>\n\t\t\t\t\t<\/div>\n\n\t\t<div class=\"box-text text-center\" >\n\t\t\t<div class=\"box-text-inner\">\n\t\t\t\t\n\t<div id=\"text-3213243286\" class=\"text\">\n\t\t\n<h3 class=\"uppercase\"><span style=\"font-size: 110%;\"><strong>HARVEST<\/strong><\/span><\/h3>\n<p>Coffee is harvested manually, selecting ripe fruit directly from the farm of the members of the union<br \/>\n\t\t\n<style>\n#text-3213243286 {\n  text-align: center;\n}\n<\/style>\n\t<\/div>\n\t\n\t\t\t<\/div>\n\t\t<\/div>\n\t<\/div>\n\t\n\t\t<\/div>\n\t\t\t\t\t<\/div>\n\n\t\n\n\t<div id=\"col-393879001\" class=\"col medium-4 small-12 large-4\"  >\n\t\t\t\t<div class=\"col-inner\"  >\n\t\t\t\n\t\t\t\n\t<div class=\"box has-hover   has-hover box-text-bottom\" >\n\n\t\t<div class=\"box-image\" >\n\t\t\t\t\t\t<div class=\"\" >\n\t\t\t\t<img width=\"600\" height=\"338\" src=\"https:\/\/thecoffeefarmer.com\/wp-content\/uploads\/2021\/07\/THE-COFFEE-FARMER-Products.jpg\" class=\"attachment- size-\" alt=\"\" decoding=\"async\" loading=\"lazy\" srcset=\"https:\/\/thecoffeefarmer.com\/wp-content\/uploads\/2021\/07\/THE-COFFEE-FARMER-Products.jpg 600w, https:\/\/thecoffeefarmer.com\/wp-content\/uploads\/2021\/07\/THE-COFFEE-FARMER-Products-510x287.jpg 510w\" sizes=\"(max-width: 600px) 100vw, 600px\" \/>\t\t\t\t\t\t\t\t\t\t\t<\/div>\n\t\t\t\t\t<\/div>\n\n\t\t<div class=\"box-text text-center\" >\n\t\t\t<div class=\"box-text-inner\">\n\t\t\t\t\n\t<div id=\"text-2373882560\" class=\"text\">\n\t\t\n<h3 class=\"uppercase\"><span style=\"font-size: 110%;\"><strong>PROCESSING<\/strong><\/span><\/h3>\n<p>Application 3 methods of modern processing on the farm include processing, natural honey and wet processing<br \/>\n\t\t\n<style>\n#text-2373882560 {\n  text-align: center;\n}\n<\/style>\n\t<\/div>\n\t\n\t\t\t<\/div>\n\t\t<\/div>\n\t<\/div>\n\t\n\t\t<\/div>\n\t\t\t\t\t<\/div>\n\n\t\n\n\t<div id=\"col-1846649231\" class=\"col medium-4 small-12 large-4\"  >\n\t\t\t\t<div class=\"col-inner\"  >\n\t\t\t\n\t\t\t\n\t<div class=\"box has-hover   has-hover box-text-bottom\" >\n\n\t\t<div class=\"box-image\" >\n\t\t\t\t\t\t<div class=\"\" >\n\t\t\t\t<img width=\"600\" height=\"345\" src=\"https:\/\/thecoffeefarmer.com\/wp-content\/uploads\/2021\/08\/BAO-QUAN-CA-PHE-SAU-THU-HOACH-2.jpg\" class=\"attachment- size-\" alt=\"\" decoding=\"async\" loading=\"lazy\" srcset=\"https:\/\/thecoffeefarmer.com\/wp-content\/uploads\/2021\/08\/BAO-QUAN-CA-PHE-SAU-THU-HOACH-2.jpg 600w, https:\/\/thecoffeefarmer.com\/wp-content\/uploads\/2021\/08\/BAO-QUAN-CA-PHE-SAU-THU-HOACH-2-510x293.jpg 510w\" sizes=\"(max-width: 600px) 100vw, 600px\" \/>\t\t\t\t\t\t\t\t\t\t\t<\/div>\n\t\t\t\t\t<\/div>\n\n\t\t<div class=\"box-text text-center\" >\n\t\t\t<div class=\"box-text-inner\">\n\t\t\t\t\n<h3 class=\"uppercase\"><span style=\"font-size: 110%;\"><strong>PRESERVATION<\/strong><\/span><\/h3>\n<p>Coffee barn is covered in plastic bags 2 layers in a cool environment standards before moving to the roasters<\/p>\n\t\t\t<\/div>\n\t\t<\/div>\n\t<\/div>\n\t\n\t\t<\/div>\n\t\t\t\t\t<\/div>\n\n\t\n<\/div>\n<div class=\"video video-fit mb\" style=\"padding-top:56.25%;\"><p><iframe loading=\"lazy\" title=\"THE PRODUCTION PROCESS OF COFFEE | THE COFFEE FARMER | SELECTION DIRECT FROM THE FARM\" width=\"1020\" height=\"574\" src=\"https:\/\/www.youtube.com\/embed\/pKuT0RBYAMk?feature=oembed\" frameborder=\"0\" allow=\"accelerometer; autoplay; clipboard-write; encrypted-media; gyroscope; picture-in-picture\" allowfullscreen><\/iframe><\/p>\n<\/div>\n\t\t<\/div>\n\n\t\t\n<style>\n#section_206855310 {\n  padding-top: 30px;\n  padding-bottom: 30px;\n}\n<\/style>\n\t<\/section>\n\t\n\t<section class=\"section\" id=\"section_2109970123\">\n\t\t<div class=\"bg section-bg fill bg-fill  bg-loaded\" >\n\n\t\t\t\n\t\t\t\n\t\t\t\n\n\t\t<\/div>\n\n\t\t<div class=\"section-content relative\">\n\t\t\t\n\t<div id=\"gap-2064825699\" class=\"gap-element clearfix\" style=\"display:block; height:auto;\">\n\t\t\n<style>\n#gap-2064825699 {\n  padding-top: 10px;\n}\n<\/style>\n\t<\/div>\n\t\n\n\t<section class=\"section\" id=\"section_705412118\">\n\t\t<div class=\"bg section-bg fill bg-fill  bg-loaded\" >\n\n\t\t\t\n\t\t\t\n\t\t\t\n\n\t\t<\/div>\n\n\t\t<div class=\"section-content relative\">\n\t\t\t\n\n<h1 style=\"text-align: center;\"><span style=\"font-size: 120%;\">MEMBER OF THE UNION<\/span><\/h1>\n<div class=\"text-center\"><div class=\"is-divider divider clearfix\" style=\"max-width:213px;background-color:rgb(238, 149, 32);\"><\/div><\/div>\n\n\n\t\t<\/div>\n\n\t\t\n<style>\n#section_705412118 {\n  padding-top: 16px;\n  padding-bottom: 16px;\n}\n<\/style>\n\t<\/section>\n\t\n\t<div id=\"gap-1678201266\" class=\"gap-element clearfix\" style=\"display:block; height:auto;\">\n\t\t\n<style>\n#gap-1678201266 {\n  padding-top: 10px;\n}\n<\/style>\n\t<\/div>\n\t\n\n<div class=\"row row-small\"  id=\"row-731647972\">\n\n\n\t<div id=\"col-1239807300\" class=\"col medium-3 small-12 large-3\"  >\n\t\t\t\t<div class=\"col-inner\"  >\n\t\t\t\n\t\t\t\n\n\n  <div class=\"banner has-hover\" id=\"banner-1765769214\">\n          <div class=\"banner-inner fill\">\n        <div class=\"banner-bg fill\" >\n            <div class=\"bg fill bg-fill\"><\/div>\n                        <div class=\"overlay\"><\/div>            \n                    <\/div>\n        <div class=\"banner-layers container\">\n            <div class=\"fill banner-link\"><\/div>            \n\n   <div id=\"text-box-1404365560\" class=\"text-box banner-layer x50 md-x50 lg-x50 y50 md-y50 lg-y50 res-text\">\n                                <div class=\"text-box-content text dark\">\n              \n              <div class=\"text-inner text-center\">\n                  \n\n\n              <\/div>\n           <\/div>\n                            \n<style>\n#text-box-1404365560 {\n  width: 60%;\n}\n#text-box-1404365560 .text-box-content {\n  font-size: 100%;\n}\n@media (min-width:550px) {\n  #text-box-1404365560 {\n    width: 60%;\n  }\n}\n<\/style>\n    <\/div>\n \n\n        <\/div>\n      <\/div>\n\n            \n<style>\n#banner-1765769214 {\n  padding-top: 99.99%;\n}\n#banner-1765769214 .bg.bg-loaded {\n  background-image: url(https:\/\/thecoffeefarmer.com\/wp-content\/uploads\/2025\/05\/MR-THAI-THE-COFFEE-FARMER.jpg);\n}\n#banner-1765769214 .overlay {\n  background-color: rgba(0, 109, 255, 0.03);\n}\n<\/style>\n  <\/div>\n\n\n<p class=\"uppercase\" style=\"text-align: center;\"><span class=\"person-name\"><br \/>\n<strong>MR TH\u00c1I<strong><br \/>\n<em>BUILDING COMMUNITY<\/em><\/span><\/p>\n<div class=\"social-icons follow-icons full-width text-center\" ><a href=\"\/en\/X\/\" target=\"_blank\" data-label=\"Twitter\" rel=\"noopener noreferrer nofollow\" class=\"icon button circle is-outline  twitter tooltip\" title=\"Follow on Twitter\" aria-label=\"Follow on Twitter\"><i class=\"icon-twitter\" ><\/i><\/a><a href=\"mailto:X\" data-label=\"E-mail\" rel=\"nofollow\" class=\"icon button circle is-outline  email tooltip\" title=\"Send us an email\" aria-label=\"Send us an email\"><i class=\"icon-envelop\" ><\/i><\/a><a href=\"\/en\/X\/\" target=\"_blank\" rel=\"noopener noreferrer nofollow\"  data-label=\"Pinterest\"  class=\"icon button circle is-outline  pinterest tooltip\" title=\"Follow on Pinterest\" aria-label=\"Follow on Pinterest\"><i class=\"icon-pinterest\" ><\/i><\/a><a href=\"\/en\/X\/\" target=\"_blank\" rel=\"noopener noreferrer nofollow\" data-label=\"LinkedIn\" class=\"icon button circle is-outline  linkedin tooltip\" title=\"Follow on LinkedIn\" aria-label=\"Follow on LinkedIn\"><i class=\"icon-linkedin\" ><\/i><\/a><\/div>\n\n<p style=\"text-align: center;\">The knowledge creating community, link farmers growing coffee in the same hand-made according to standard processing rigorous of the Union, enhanced livelihoods for farmers and value-added for coffee beans, Vietnam.<\/p>\n\n\t\t<\/div>\n\t\t\t\t\t<\/div>\n\n\t\n\n\t<div id=\"col-265509458\" class=\"col medium-3 small-12 large-3\"  >\n\t\t\t\t<div class=\"col-inner\"  >\n\t\t\t\n\t\t\t\n\n\n  <div class=\"banner has-hover\" id=\"banner-1797933460\">\n          <div class=\"banner-inner fill\">\n        <div class=\"banner-bg fill\" >\n            <div class=\"bg fill bg-fill\"><\/div>\n                        <div class=\"overlay\"><\/div>            \n                    <\/div>\n        <div class=\"banner-layers container\">\n            <div class=\"fill banner-link\"><\/div>            \n\n   <div id=\"text-box-460173069\" class=\"text-box banner-layer x50 md-x50 lg-x50 y50 md-y50 lg-y50 res-text\">\n                                <div class=\"text-box-content text dark\">\n              \n              <div class=\"text-inner text-center\">\n                  \n\n\n              <\/div>\n           <\/div>\n                            \n<style>\n#text-box-460173069 {\n  width: 60%;\n}\n#text-box-460173069 .text-box-content {\n  font-size: 100%;\n}\n@media (min-width:550px) {\n  #text-box-460173069 {\n    width: 60%;\n  }\n}\n<\/style>\n    <\/div>\n \n\n        <\/div>\n      <\/div>\n\n            \n<style>\n#banner-1797933460 {\n  padding-top: 99.99%;\n}\n#banner-1797933460 .bg.bg-loaded {\n  background-image: url(https:\/\/thecoffeefarmer.com\/wp-content\/uploads\/2021\/12\/Pham-Khac-Tai-Co-van-chuyen-mon-The-Coffee-Farmer.jpg);\n}\n#banner-1797933460 .overlay {\n  background-color: rgba(0, 109, 255, 0.03);\n}\n<\/style>\n  <\/div>\n\n\n<p class=\"uppercase\" style=\"text-align: center;\"><span class=\"person-name\"><br \/>\n<strong>MR T\u00c0I<\/strong><br \/>\n<em>PROFESSIONAL ADVICE<\/em><\/span><\/p>\n<div class=\"social-icons follow-icons full-width text-center\" ><a href=\"\/en\/X\/\" target=\"_blank\" data-label=\"Twitter\" rel=\"noopener noreferrer nofollow\" class=\"icon button circle is-outline  twitter tooltip\" title=\"Follow on Twitter\" aria-label=\"Follow on Twitter\"><i class=\"icon-twitter\" ><\/i><\/a><a href=\"mailto:X\" data-label=\"E-mail\" rel=\"nofollow\" class=\"icon button circle is-outline  email tooltip\" title=\"Send us an email\" aria-label=\"Send us an email\"><i class=\"icon-envelop\" ><\/i><\/a><a href=\"\/en\/X\/\" target=\"_blank\" rel=\"noopener noreferrer nofollow\"  data-label=\"Pinterest\"  class=\"icon button circle is-outline  pinterest tooltip\" title=\"Follow on Pinterest\" aria-label=\"Follow on Pinterest\"><i class=\"icon-pinterest\" ><\/i><\/a><a href=\"\/en\/X\/\" target=\"_blank\" rel=\"noopener noreferrer nofollow\" data-label=\"LinkedIn\" class=\"icon button circle is-outline  linkedin tooltip\" title=\"Follow on LinkedIn\" aria-label=\"Follow on LinkedIn\"><i class=\"icon-linkedin\" ><\/i><\/a><\/div>\n\n<p style=\"text-align: center;\">Undergo the process of being trained in the knowledge, skills and experience in processing coffee beans green by world standards. Mr T\u00e0i is one of the person in charge transfer processing techniques for farmers belonging to the membership in the union farmers produce coffee, The Coffee Farmer<\/p>\n\n\t\t<\/div>\n\t\t\t\t\t<\/div>\n\n\t\n\n\t<div id=\"col-770402254\" class=\"col medium-3 small-12 large-3\"  >\n\t\t\t\t<div class=\"col-inner\"  >\n\t\t\t\n\t\t\t\n\n\n  <div class=\"banner has-hover\" id=\"banner-966088625\">\n          <div class=\"banner-inner fill\">\n        <div class=\"banner-bg fill\" >\n            <div class=\"bg fill bg-fill\"><\/div>\n                        <div class=\"overlay\"><\/div>            \n                    <\/div>\n        <div class=\"banner-layers container\">\n            <div class=\"fill banner-link\"><\/div>            \n\n   <div id=\"text-box-1302046035\" class=\"text-box banner-layer x50 md-x50 lg-x50 y50 md-y50 lg-y50 res-text\">\n                                <div class=\"text-box-content text dark\">\n              \n              <div class=\"text-inner text-center\">\n                  \n\n\n              <\/div>\n           <\/div>\n                            \n<style>\n#text-box-1302046035 {\n  width: 60%;\n}\n#text-box-1302046035 .text-box-content {\n  font-size: 100%;\n}\n@media (min-width:550px) {\n  #text-box-1302046035 {\n    width: 60%;\n  }\n}\n<\/style>\n    <\/div>\n \n\n        <\/div>\n      <\/div>\n\n            \n<style>\n#banner-966088625 {\n  padding-top: 99.99%;\n}\n#banner-966088625 .bg.bg-loaded {\n  background-image: url(https:\/\/thecoffeefarmer.com\/wp-content\/uploads\/2021\/08\/MS-GAM-TCF-BAO-LOC.jpg);\n}\n#banner-966088625 .overlay {\n  background-color: rgba(0, 109, 255, 0.03);\n}\n<\/style>\n  <\/div>\n\n\n<p class=\"uppercase\" style=\"text-align: center;\"><span class=\"person-name\"><br \/>\n<strong>MS G\u1ea4M<\/strong><br \/>\n<em>COFFEE FARMERS<\/em><\/span><\/p>\n<div class=\"social-icons follow-icons full-width text-center\" ><a href=\"\/en\/X\/\" target=\"_blank\" data-label=\"Twitter\" rel=\"noopener noreferrer nofollow\" class=\"icon button circle is-outline  twitter tooltip\" title=\"Follow on Twitter\" aria-label=\"Follow on Twitter\"><i class=\"icon-twitter\" ><\/i><\/a><a href=\"mailto:X\" data-label=\"E-mail\" rel=\"nofollow\" class=\"icon button circle is-outline  email tooltip\" title=\"Send us an email\" aria-label=\"Send us an email\"><i class=\"icon-envelop\" ><\/i><\/a><a href=\"\/en\/X\/\" target=\"_blank\" rel=\"noopener noreferrer nofollow\"  data-label=\"Pinterest\"  class=\"icon button circle is-outline  pinterest tooltip\" title=\"Follow on Pinterest\" aria-label=\"Follow on Pinterest\"><i class=\"icon-pinterest\" ><\/i><\/a><a href=\"\/en\/X\/\" target=\"_blank\" rel=\"noopener noreferrer nofollow\" data-label=\"LinkedIn\" class=\"icon button circle is-outline  linkedin tooltip\" title=\"Follow on LinkedIn\" aria-label=\"Follow on LinkedIn\"><i class=\"icon-linkedin\" ><\/i><\/a><\/div>\n\n<p style=\"text-align: center;\">Representing members of The Coffee Farmer - Bao Loc, Her Gam is one of the farmers, the first participating member of the Union, responsible for the production of the product line, high quality coffee at farm area, Bao Loc, Lam Dong<\/p>\n\n\t\t<\/div>\n\t\t\t\t\t<\/div>\n\n\t\n\n\t<div id=\"col-329780979\" class=\"col medium-3 small-12 large-3\"  >\n\t\t\t\t<div class=\"col-inner\"  >\n\t\t\t\n\t\t\t\n\n\n  <div class=\"banner has-hover\" id=\"banner-780707410\">\n          <div class=\"banner-inner fill\">\n        <div class=\"banner-bg fill\" >\n            <div class=\"bg fill bg-fill\"><\/div>\n                        <div class=\"overlay\"><\/div>            \n                    <\/div>\n        <div class=\"banner-layers container\">\n            <div class=\"fill banner-link\"><\/div>            \n\n   <div id=\"text-box-895417456\" class=\"text-box banner-layer x50 md-x50 lg-x50 y50 md-y50 lg-y50 res-text\">\n                                <div class=\"text-box-content text dark\">\n              \n              <div class=\"text-inner text-center\">\n                  \n\n\n              <\/div>\n           <\/div>\n                            \n<style>\n#text-box-895417456 {\n  width: 60%;\n}\n#text-box-895417456 .text-box-content {\n  font-size: 100%;\n}\n@media (min-width:550px) {\n  #text-box-895417456 {\n    width: 60%;\n  }\n}\n<\/style>\n    <\/div>\n \n\n        <\/div>\n      <\/div>\n\n            \n<style>\n#banner-780707410 {\n  padding-top: 99.99%;\n}\n#banner-780707410 .bg.bg-loaded {\n  background-image: url(https:\/\/thecoffeefarmer.com\/wp-content\/uploads\/2021\/08\/BAC-HAI-TCF-GIA-LAI.jpg);\n}\n#banner-780707410 .overlay {\n  background-color: rgba(0, 109, 255, 0.03);\n}\n<\/style>\n  <\/div>\n\n\n<p class=\"uppercase\" style=\"text-align: center;\"><span class=\"person-name\"><br \/>\n<strong>B\u00c1C TH\u00c0NH<\/strong><br \/>\n<em>COFFEE FARMERS<\/em><\/span><\/p>\n<div class=\"social-icons follow-icons full-width text-center\" ><a href=\"\/en\/X\/\" target=\"_blank\" data-label=\"Twitter\" rel=\"noopener noreferrer nofollow\" class=\"icon button circle is-outline  twitter tooltip\" title=\"Follow on Twitter\" aria-label=\"Follow on Twitter\"><i class=\"icon-twitter\" ><\/i><\/a><a href=\"mailto:X\" data-label=\"E-mail\" rel=\"nofollow\" class=\"icon button circle is-outline  email tooltip\" title=\"Send us an email\" aria-label=\"Send us an email\"><i class=\"icon-envelop\" ><\/i><\/a><a href=\"\/en\/X\/\" target=\"_blank\" rel=\"noopener noreferrer nofollow\"  data-label=\"Pinterest\"  class=\"icon button circle is-outline  pinterest tooltip\" title=\"Follow on Pinterest\" aria-label=\"Follow on Pinterest\"><i class=\"icon-pinterest\" ><\/i><\/a><a href=\"\/en\/X\/\" target=\"_blank\" rel=\"noopener noreferrer nofollow\" data-label=\"LinkedIn\" class=\"icon button circle is-outline  linkedin tooltip\" title=\"Follow on LinkedIn\" aria-label=\"Follow on LinkedIn\"><i class=\"icon-linkedin\" ><\/i><\/a><\/div>\n\n<p style=\"text-align: center;\">\u0110\u1ea1i di\u1ec7n cho th\u00e0nh vi\u00ean The Coffee Farmer - B\u1ea3o L\u00e2m, Gia \u0111\u00ecnh anh Th\u00e0nh l\u00e0 m\u1ed9t trong nh\u1eefng n\u00f4ng h\u1ed9 \u0111\u1ea7u ti\u00ean tham gia th\u00e0nh vi\u00ean c\u1ee7a Li\u00ean Minh, ch\u1ecbu tr\u00e1ch nhi\u1ec7m s\u1ea3n xu\u1ea5t ra c\u00e1c d\u00f2ng s\u1ea3n ph\u1ea9m c\u00e0 ph\u00ea ch\u1ea5t l\u01b0\u1ee3ng cao t\u1ea1i n\u00f4ng tr\u1ea1i khu v\u1ef1c B\u1ea3o L\u00e2m, L\u00e2m \u0110\u1ed3ng<\/p>\n\n\t\t<\/div>\n\t\t\t\t\t<\/div>\n\n\t\n\n<\/div>\n\t\t<\/div>\n\n\t\t\n<style>\n#section_2109970123 {\n  padding-top: 30px;\n  padding-bottom: 30px;\n}\n<\/style>\n\t<\/section>","protected":false},"excerpt":{"rendered":"","protected":false},"author":4,"featured_media":1379,"parent":0,"menu_order":0,"comment_status":"closed","ping_status":"closed","template":"","meta":[],"_links":{"self":[{"href":"https:\/\/thecoffeefarmer.com\/en\/wp-json\/wp\/v2\/pages\/1312"}],"collection":[{"href":"https:\/\/thecoffeefarmer.com\/en\/wp-json\/wp\/v2\/pages"}],"about":[{"href":"https:\/\/thecoffeefarmer.com\/en\/wp-json\/wp\/v2\/types\/page"}],"author":[{"embeddable":true,"href":"https:\/\/thecoffeefarmer.com\/en\/wp-json\/wp\/v2\/users\/4"}],"replies":[{"embeddable":true,"href":"https:\/\/thecoffeefarmer.com\/en\/wp-json\/wp\/v2\/comments?post=1312"}],"version-history":[{"count":0,"href":"https:\/\/thecoffeefarmer.com\/en\/wp-json\/wp\/v2\/pages\/1312\/revisions"}],"wp:featuredmedia":[{"embeddable":true,"href":"https:\/\/thecoffeefarmer.com\/en\/wp-json\/wp\/v2\/media\/1379"}],"wp:attachment":[{"href":"https:\/\/thecoffeefarmer.com\/en\/wp-json\/wp\/v2\/media?parent=1312"}],"curies":[{"name":"wp","href":"https:\/\/api.w.org\/{rel}","templated":true}]}}